{"id":816,"date":"2026-02-17T18:59:20","date_gmt":"2026-02-17T17:59:20","guid":{"rendered":"https:\/\/greenmonkeysanctuary.org\/?page_id=816"},"modified":"2026-02-17T22:07:54","modified_gmt":"2026-02-17T21:07:54","slug":"4x4-green-monkey-tour","status":"publish","type":"page","link":"https:\/\/greenmonkeysanctuary.org\/index.php\/4x4-green-monkey-tour\/","title":{"rendered":"4&#215;4 Green Monkey Tour"},"content":{"rendered":"<div id=\"pl-816\"  class=\"panel-layout\" ><div id=\"pg-816-0\"  class=\"panel-grid panel-no-style\" ><div id=\"pgc-816-0-0\"  class=\"panel-grid-cell panel-grid-cell-empty\" ><\/div><\/div><div id=\"pg-816-1\"  class=\"panel-grid panel-no-style\" ><div id=\"pgc-816-1-0\"  class=\"panel-grid-cell\" ><div id=\"panel-816-1-0-0\" class=\"so-panel widget widget_sow-editor panel-first-child\" data-index=\"0\" ><div\n\t\t\t\n\t\t\tclass=\"so-widget-sow-editor so-widget-sow-editor-base\"\n\t\t\t\n\t\t><h3 class=\"widget-title\">Venez d\u00e9couvrir les singes du Cap-Vert et explorer leur milieu naturel!<\/h3>\n<div class=\"siteorigin-widget-tinymce textwidget\">\n\t<p>Accompagn\u00e9 par un Ranger de l\u2019association <em>Santu\u00e1rio dos macacos de Cabo Verde<\/em> vous explorerez des paysages authentiques et insolites \u00e0 la rencontre des singes, et d\u2019autres animaux de la faune sauvage.<\/p>\n<p>L\u2019association propose un circuit de d\u00e9couverte des singes du Cap-Vert sur l\u2019ile de Santiago, dans la commune Ribeira Grande de Santiago (Cidade Velha).<\/p>\n<\/div>\n<\/div><\/div><div id=\"panel-816-1-0-1\" class=\"so-panel widget widget_sow-button panel-last-child\" data-index=\"1\" ><div\n\t\t\t\n\t\t\tclass=\"so-widget-sow-button so-widget-sow-button-flat-c4ddc70aa3a1-816\"\n\t\t\t\n\t\t><div class=\"ow-button-base ow-button-align-center\"\n>\n\t\t\t<a\n\t\t\t\t\thref=\"https:\/\/greenmonkeysanctuary.org\/wp-content\/uploads\/2026\/02\/prospectus-Green-tour-FR-PT-copie.pdf\"\n\t\t\t\t\tclass=\"sowb-button ow-icon-placement-left ow-button-hover\" \t>\n\t\t<span>\n\t\t\t\n\t\t\tT\u00e9l\u00e9charger le prospectus\t\t<\/span>\n\t\t\t<\/a>\n\t<\/div>\n<\/div><\/div><\/div><div id=\"pgc-816-1-1\"  class=\"panel-grid-cell\" ><div id=\"panel-816-1-1-0\" class=\"so-panel widget widget_sow-image panel-first-child panel-last-child\" data-index=\"2\" ><div\n\t\t\t\n\t\t\tclass=\"so-widget-sow-image so-widget-sow-image-default-8b5b6f678277-816\"\n\t\t\t\n\t\t>\n<div class=\"sow-image-container\">\n\t\t<img \n\tsrc=\"https:\/\/greenmonkeysanctuary.org\/wp-content\/uploads\/2026\/02\/P1070111.jpeg\" width=\"640\" height=\"480\" srcset=\"https:\/\/greenmonkeysanctuary.org\/wp-content\/uploads\/2026\/02\/P1070111.jpeg 640w, https:\/\/greenmonkeysanctuary.org\/wp-content\/uploads\/2026\/02\/P1070111-300x225.jpeg 300w\" sizes=\"(max-width: 640px) 100vw, 640px\" alt=\"\" \t\tclass=\"so-widget-image\"\/>\n\t<\/div>\n\n<\/div><\/div><\/div><\/div><div id=\"pg-816-2\"  class=\"panel-grid panel-no-style\" ><div id=\"pgc-816-2-0\"  class=\"panel-grid-cell\" ><div id=\"panel-816-2-0-0\" class=\"so-panel widget widget_sow-editor panel-first-child panel-last-child\" data-index=\"3\" ><div\n\t\t\t\n\t\t\tclass=\"so-widget-sow-editor so-widget-sow-editor-base\"\n\t\t\t\n\t\t><h3 class=\"widget-title\">L\u2019association vient d\u2019\u00e9laborer un circuit de d\u00e9couverte des singes du Cap-Vert sur l\u2019ile de Santiago. L\u2019objectif est triple :<\/h3>\n<div class=\"siteorigin-widget-tinymce textwidget\">\n\t<\/div>\n<\/div><\/div><\/div><\/div><div id=\"pg-816-3\"  class=\"panel-grid panel-no-style\" ><div id=\"pgc-816-3-0\"  class=\"panel-grid-cell\" ><div id=\"panel-816-3-0-0\" class=\"so-panel widget widget_sow-editor panel-first-child panel-last-child\" data-index=\"4\" ><div\n\t\t\t\n\t\t\tclass=\"so-widget-sow-editor so-widget-sow-editor-base\"\n\t\t\t\n\t\t>\n<div class=\"siteorigin-widget-tinymce textwidget\">\n\t<p>Faire connaitre la probl\u00e9matique des singes au Cap-Vert et les actions de l\u2019association.<\/p>\n<\/div>\n<\/div><\/div><\/div><div id=\"pgc-816-3-1\"  class=\"panel-grid-cell\" ><div id=\"panel-816-3-1-0\" class=\"so-panel widget widget_sow-editor panel-first-child panel-last-child\" data-index=\"5\" ><div\n\t\t\t\n\t\t\tclass=\"so-widget-sow-editor so-widget-sow-editor-base\"\n\t\t\t\n\t\t>\n<div class=\"siteorigin-widget-tinymce textwidget\">\n\t<p>Pr\u00e9senter les singes comme des promoteurs de l\u2019\u00e9co tourisme et tourisme de nature responsable afin d\u2019inciter les autorit\u00e9s \u00e0 prendre en compte leur existence et \u00e9laborer une loi pour leur protection.<\/p>\n<\/div>\n<\/div><\/div><\/div><div id=\"pgc-816-3-2\"  class=\"panel-grid-cell\" ><div id=\"panel-816-3-2-0\" class=\"so-panel widget widget_sow-editor panel-first-child panel-last-child\" data-index=\"6\" ><div\n\t\t\t\n\t\t\tclass=\"so-widget-sow-editor so-widget-sow-editor-base\"\n\t\t\t\n\t\t>\n<div class=\"siteorigin-widget-tinymce textwidget\">\n\t<p>Collecter des fonds pour les interventions de l\u2019association.<\/p>\n<\/div>\n<\/div><\/div><\/div><\/div><div id=\"pg-816-4\"  class=\"panel-grid panel-no-style\" ><div id=\"pgc-816-4-0\"  class=\"panel-grid-cell\" ><div id=\"panel-816-4-0-0\" class=\"so-panel widget widget_sow-editor panel-first-child\" data-index=\"7\" ><div\n\t\t\t\n\t\t\tclass=\"so-widget-sow-editor so-widget-sow-editor-base\"\n\t\t\t\n\t\t>\n<div class=\"siteorigin-widget-tinymce textwidget\">\n\t<p>Le circuit est organis\u00e9 sur une journ\u00e9e et permet de voir les singes dans leur milieu naturel et de recevoir une information d\u00e9taill\u00e9e sur les d\u00e9fis et les enjeux de protection et de la conservation des singes et des animaux sauvages dans le pays. \u00a0Ci-dessous, en annexe la pr\u00e9sentation du circuit de d\u00e9couverte des singes et de la faune sauvage au Cap-Vert.<\/p>\n<\/div>\n<\/div><\/div><div id=\"panel-816-4-0-1\" class=\"so-panel widget widget_sow-image panel-last-child\" data-index=\"8\" ><div\n\t\t\t\n\t\t\tclass=\"so-widget-sow-image so-widget-sow-image-default-8b5b6f678277-816\"\n\t\t\t\n\t\t>\n<div class=\"sow-image-container\">\n\t\t<img \n\tsrc=\"https:\/\/greenmonkeysanctuary.org\/wp-content\/uploads\/2026\/02\/PT2.jpeg\" width=\"1280\" height=\"810\" srcset=\"https:\/\/greenmonkeysanctuary.org\/wp-content\/uploads\/2026\/02\/PT2.jpeg 1280w, https:\/\/greenmonkeysanctuary.org\/wp-content\/uploads\/2026\/02\/PT2-300x190.jpeg 300w, https:\/\/greenmonkeysanctuary.org\/wp-content\/uploads\/2026\/02\/PT2-1024x648.jpeg 1024w, https:\/\/greenmonkeysanctuary.org\/wp-content\/uploads\/2026\/02\/PT2-768x486.jpeg 768w\" sizes=\"(max-width: 1280px) 100vw, 1280px\" alt=\"\" \t\tclass=\"so-widget-image\"\/>\n\t<\/div>\n\n<\/div><\/div><\/div><\/div><div id=\"pg-816-5\"  class=\"panel-grid panel-no-style\" ><div id=\"pgc-816-5-0\"  class=\"panel-grid-cell panel-grid-cell-empty\" ><\/div><\/div><\/div>","protected":false},"excerpt":{"rendered":"<p>Accompagn\u00e9 par un Ranger de l\u2019association Santu\u00e1rio dos macacos de Cabo Verde vous explorerez des paysages authentiques et insolites \u00e0 la rencontre des singes, et d\u2019autres animaux de la faune sauvage. L\u2019association propose un circuit de d\u00e9couverte des singes du Cap-Vert sur l\u2019ile de Santiago, dans la commune Ribeira Grande de Santiago (Cidade Velha).<\/p>\n","protected":false},"author":1,"featured_media":0,"parent":0,"menu_order":0,"comment_status":"closed","ping_status":"closed","template":"","meta":{"neve_meta_sidebar":"","neve_meta_container":"","neve_meta_enable_content_width":"off","neve_meta_content_width":100,"neve_meta_title_alignment":"","neve_meta_author_avatar":"","neve_post_elements_order":"","neve_meta_disable_header":"","neve_meta_disable_footer":"","neve_meta_disable_title":"","footnotes":""},"class_list":["post-816","page","type-page","status-publish","hentry"],"jetpack_sharing_enabled":true,"_links":{"self":[{"href":"https:\/\/greenmonkeysanctuary.org\/index.php\/wp-json\/wp\/v2\/pages\/816","targetHints":{"allow":["GET"]}}],"collection":[{"href":"https:\/\/greenmonkeysanctuary.org\/index.php\/wp-json\/wp\/v2\/pages"}],"about":[{"href":"https:\/\/greenmonkeysanctuary.org\/index.php\/wp-json\/wp\/v2\/types\/page"}],"author":[{"embeddable":true,"href":"https:\/\/greenmonkeysanctuary.org\/index.php\/wp-json\/wp\/v2\/users\/1"}],"replies":[{"embeddable":true,"href":"https:\/\/greenmonkeysanctuary.org\/index.php\/wp-json\/wp\/v2\/comments?post=816"}],"version-history":[{"count":7,"href":"https:\/\/greenmonkeysanctuary.org\/index.php\/wp-json\/wp\/v2\/pages\/816\/revisions"}],"predecessor-version":[{"id":830,"href":"https:\/\/greenmonkeysanctuary.org\/index.php\/wp-json\/wp\/v2\/pages\/816\/revisions\/830"}],"wp:attachment":[{"href":"https:\/\/greenmonkeysanctuary.org\/index.php\/wp-json\/wp\/v2\/media?parent=816"}],"curies":[{"name":"wp","href":"https:\/\/api.w.org\/{rel}","templated":true}]}}