{"id":671,"date":"2023-04-28T18:28:22","date_gmt":"2023-04-28T16:28:22","guid":{"rendered":"https:\/\/greenmonkeysanctuary.org\/?page_id=671"},"modified":"2026-02-17T21:50:02","modified_gmt":"2026-02-17T20:50:02","slug":"ressources","status":"publish","type":"page","link":"https:\/\/greenmonkeysanctuary.org\/index.php\/ressources\/","title":{"rendered":"Ressources"},"content":{"rendered":"<div id=\"pl-671\"  class=\"panel-layout\" ><div id=\"pg-671-0\"  class=\"panel-grid panel-no-style\" ><div id=\"pgc-671-0-0\"  class=\"panel-grid-cell\" ><div id=\"panel-671-0-0-0\" class=\"so-panel widget widget_sow-headline panel-first-child panel-last-child\" data-index=\"0\" ><div class=\"so-rounded panel-widget-style panel-widget-style-for-671-0-0-0\" ><div\n\t\t\t\n\t\t\tclass=\"so-widget-sow-headline so-widget-sow-headline-default-c57b8747add6-671 so-widget-fittext-wrapper\"\n\t\t\t data-fit-text-compressor=\"0.85\"\n\t\t><div class=\"sow-headline-container \">\n\t\t\t\t\t\t\t<h1 class=\"sow-headline\">\n\t\t\t\t\t\tRessources \u00e0 t\u00e9l\u00e9charger\t\t\t\t\t\t<\/h1>\n\t\t\t\t\t\t<\/div>\n<\/div><\/div><\/div><\/div><\/div><div id=\"pg-671-1\"  class=\"panel-grid panel-no-style\" ><div id=\"pgc-671-1-0\"  class=\"panel-grid-cell\" ><div id=\"panel-671-1-0-0\" class=\"so-panel widget widget_sow-headline panel-first-child\" data-index=\"1\" ><div\n\t\t\t\n\t\t\tclass=\"so-widget-sow-headline so-widget-sow-headline-default-41026eaf8946-671\"\n\t\t\t\n\t\t><div class=\"sow-headline-container \">\n\t\t\t\t\t\t\t<h4 class=\"sow-headline\">\n\t\t\t\t\t\tProjet de protection des singes\t\t\t\t\t\t<\/h4>\n\t\t\t\t\t\t<\/div>\n<\/div><\/div><div id=\"panel-671-1-0-1\" class=\"so-panel widget widget_sow-button panel-last-child\" data-index=\"2\" ><div\n\t\t\t\n\t\t\tclass=\"so-widget-sow-button so-widget-sow-button-flat-7916e949d538-671\"\n\t\t\t\n\t\t><div class=\"ow-button-base ow-button-align-center\"\n>\n\t\t\t<a\n\t\t\t\t\thref=\"https:\/\/greenmonkeysanctuary.org\/wp-content\/uploads\/2023\/05\/PROJET-ASM-2023-FR-.pdf\"\n\t\t\t\t\tclass=\"sowb-button ow-icon-placement-bottom ow-button-hover\" download=\"\" \t>\n\t\t<span>\n\t\t\t<span class=\"sow-icon-fontawesome sow-far\" data-sow-icon=\"&#xf1c1;\"\n\t\tstyle=\"color: #ffffff\" \n\t\taria-hidden=\"true\"><\/span>\n\t\t\tT\u00e9l\u00e9charger\t\t<\/span>\n\t\t\t<\/a>\n\t<\/div>\n<\/div><\/div><\/div><div id=\"pgc-671-1-1\"  class=\"panel-grid-cell\" ><div id=\"panel-671-1-1-0\" class=\"so-panel widget widget_sow-headline panel-first-child\" data-index=\"3\" ><div\n\t\t\t\n\t\t\tclass=\"so-widget-sow-headline so-widget-sow-headline-default-3d03418576cc-671\"\n\t\t\t\n\t\t><div class=\"sow-headline-container \">\n\t\t\t\t\t\t\t<h4 class=\"sow-headline\">\n\t\t\t\t\t\tRapport d'activit\u00e9 2021-2023\t\t\t\t\t\t<\/h4>\n\t\t\t\t\t\t<\/div>\n<\/div><\/div><div id=\"panel-671-1-1-1\" class=\"so-panel widget widget_sow-button panel-last-child\" data-index=\"4\" ><div\n\t\t\t\n\t\t\tclass=\"so-widget-sow-button so-widget-sow-button-flat-7916e949d538-671\"\n\t\t\t\n\t\t><div class=\"ow-button-base ow-button-align-center\"\n>\n\t\t\t<a\n\t\t\t\t\thref=\"https:\/\/greenmonkeysanctuary.org\/wp-content\/uploads\/2023\/05\/RAPPORT-2021-2022-ASM-FR-.pdf\"\n\t\t\t\t\tclass=\"sowb-button ow-icon-placement-bottom ow-button-hover\" download=\"\" \t>\n\t\t<span>\n\t\t\t<span class=\"sow-icon-fontawesome sow-far\" data-sow-icon=\"&#xf1c1;\"\n\t\tstyle=\"color: #ffffff\" \n\t\taria-hidden=\"true\"><\/span>\n\t\t\tT\u00e9l\u00e9charger\t\t<\/span>\n\t\t\t<\/a>\n\t<\/div>\n<\/div><\/div><\/div><\/div><div id=\"pg-671-2\"  class=\"panel-grid panel-no-style\" ><div id=\"pgc-671-2-0\"  class=\"panel-grid-cell\" ><div id=\"panel-671-2-0-0\" class=\"so-panel widget widget_sow-headline panel-first-child\" data-index=\"5\" ><div\n\t\t\t\n\t\t\tclass=\"so-widget-sow-headline so-widget-sow-headline-default-3d03418576cc-671\"\n\t\t\t\n\t\t><div class=\"sow-headline-container \">\n\t\t\t\t\t\t\t<h4 class=\"sow-headline\">\n\t\t\t\t\t\tDossier sp\u00e9cial Captivit\u00e9 et maltraitance des singes au Cap-Vert\t\t\t\t\t\t<\/h4>\n\t\t\t\t\t\t<\/div>\n<\/div><\/div><div id=\"panel-671-2-0-1\" class=\"so-panel widget widget_sow-button panel-last-child\" data-index=\"6\" ><div\n\t\t\t\n\t\t\tclass=\"so-widget-sow-button so-widget-sow-button-flat-7916e949d538-671\"\n\t\t\t\n\t\t><div class=\"ow-button-base ow-button-align-center\"\n>\n\t\t\t<a\n\t\t\t\t\thref=\"https:\/\/greenmonkeysanctuary.org\/wp-content\/uploads\/2024\/04\/DOSSIER-SPECIAL-FR.pdf\"\n\t\t\t\t\tclass=\"sowb-button ow-icon-placement-bottom ow-button-hover\" download=\"\" \t>\n\t\t<span>\n\t\t\t<span class=\"sow-icon-fontawesome sow-far\" data-sow-icon=\"&#xf1c1;\"\n\t\tstyle=\"color: #ffffff\" \n\t\taria-hidden=\"true\"><\/span>\n\t\t\tT\u00e9l\u00e9charger\t\t<\/span>\n\t\t\t<\/a>\n\t<\/div>\n<\/div><\/div><\/div><div id=\"pgc-671-2-1\"  class=\"panel-grid-cell\" ><div id=\"panel-671-2-1-0\" class=\"so-panel widget widget_sow-headline panel-first-child\" data-index=\"7\" ><div\n\t\t\t\n\t\t\tclass=\"so-widget-sow-headline so-widget-sow-headline-default-3d03418576cc-671\"\n\t\t\t\n\t\t><div class=\"sow-headline-container \">\n\t\t\t\t\t\t\t<h4 class=\"sow-headline\">\n\t\t\t\t\t\t\t\t\t\t\t\t\t<a href=\"https:\/\/greenmonkeysanctuary.org\/index.php\/4x4-green-monkey-tour\/\" >\n\t\t\t\t\t\t\t\t4x4 Green Monkey Tour<\/a>\t\t\t\t\t\t<\/h4>\n\t\t\t\t\t\t<\/div>\n<\/div><\/div><div id=\"panel-671-2-1-1\" class=\"so-panel widget widget_sow-button panel-last-child\" data-index=\"8\" ><div\n\t\t\t\n\t\t\tclass=\"so-widget-sow-button so-widget-sow-button-flat-7916e949d538-671\"\n\t\t\t\n\t\t><div class=\"ow-button-base ow-button-align-center\"\n>\n\t\t\t<a\n\t\t\t\t\thref=\"https:\/\/greenmonkeysanctuary.org\/wp-content\/uploads\/2026\/02\/prospectus-Green-tour-FR-PT-copie.pdf\"\n\t\t\t\t\tclass=\"sowb-button ow-icon-placement-bottom ow-button-hover\" download=\"\" \t>\n\t\t<span>\n\t\t\t<span class=\"sow-icon-fontawesome sow-far\" data-sow-icon=\"&#xf1c1;\"\n\t\tstyle=\"color: #ffffff\" \n\t\taria-hidden=\"true\"><\/span>\n\t\t\tT\u00e9l\u00e9charger\t\t<\/span>\n\t\t\t<\/a>\n\t<\/div>\n<\/div><\/div><\/div><\/div><div id=\"pg-671-3\"  class=\"panel-grid panel-no-style\" ><div id=\"pgc-671-3-0\"  class=\"panel-grid-cell panel-grid-cell-empty panel-grid-cell-mobile-last\" ><\/div><div id=\"pgc-671-3-1\"  class=\"panel-grid-cell panel-grid-cell-empty\" ><\/div><\/div><div id=\"pg-671-4\"  class=\"panel-grid panel-no-style\" ><div id=\"pgc-671-4-0\"  class=\"panel-grid-cell\" ><div id=\"panel-671-4-0-0\" class=\"so-panel widget widget_sow-contact-form panel-first-child panel-last-child\" data-index=\"9\" ><div class=\"panel-widget-style panel-widget-style-for-671-4-0-0\" ><div\n\t\t\t\n\t\t\tclass=\"so-widget-sow-contact-form so-widget-sow-contact-form-default-183787c34956-671\"\n\t\t\t\n\t\t><h3 class=\"widget-title\">S'abonner \u00e0 la Newsletter<\/h3>\t<form\n\t\taction=\"\/index.php\/wp-json\/wp\/v2\/pages\/671\"\n\t\tmethod=\"POST\"\n\t\tclass=\"sow-contact-form\"\n\t\tid=\"contact-form-af57\"\n\t>\n\n\t\t\n\t\t\t\t\t<div class=\"sow-form-field sow-form-field-email\">\n\t\t\t\t<label class=\"sow-form-field-label-above\" for=\"sow-contact-form-field-adresse-e-mail-1\">\n\t\t\t\t<strong>\n\t\t\t\t\tAdresse E-mail\t\t\t\t\t\t\t\t\t<\/strong>\n\t\t\t<\/label>\n\t\t\t\t\t\t\t<div class=\"sow-field-container\">\n\t\t\t\t\t\t\t<input\n\t\t\ttype=\"email\"\n\t\t\tname=\"adresse-e-mail-1\"\n\t\t\tid=\"sow-contact-form-field-adresse-e-mail-1\"\n\t\t\tvalue=\"\"\n\t\t\tclass=\"sow-text-field\"\t\t\t\t\t\t\t\t\/>\n\t\t\t\t\t\t<\/div>\n\t\t\t\t\t\t\t<\/div>\n\t\t\t\n\t\t\n\t\t<div class=\"sow-submit-wrapper \n\t\tsow-submit-styled\t\t\">\n\n\t\t\t<button\n\t\t\t\ttype=\"submit\"\n\t\t\t\tclass=\"sow-submit\n\t\t\t\t\t\t\t\t\"\n\t\t\t\t\t\t\t>\n\t\t\t\tConfirmer\t\t\t<\/button>\n\t\t<\/div>\n\t\t\t\t<input\n\t\t\ttype=\"hidden\"\n\t\t\tname=\"instance_hash-1\"\n\t\t\tvalue=\"af57229d\"\n\t\t\/>\n\n\t\t<input type=\"hidden\" id=\"_wpnonce\" name=\"_wpnonce\" value=\"ca4724aafb\" \/><input type=\"hidden\" name=\"_wp_http_referer\" value=\"\/index.php\/wp-json\/wp\/v2\/pages\/671\" \/>\t<\/form>\n\t<\/div><\/div><\/div><\/div><\/div><\/div>","protected":false},"excerpt":{"rendered":"<p>Ressources \u00e0 t\u00e9l\u00e9charger Projet de protection des singes T\u00e9l\u00e9charger Rapport d&rsquo;activit\u00e9 2021-2023 T\u00e9l\u00e9charger Dossier sp\u00e9cial Captivit\u00e9 et maltraitance des singes au Cap-Vert T\u00e9l\u00e9charger 4&#215;4 Green Monkey Tour T\u00e9l\u00e9charger S&rsquo;abonner \u00e0 la Newsletter Adresse E-mail Confirmer<\/p>\n","protected":false},"author":1,"featured_media":0,"parent":0,"menu_order":0,"comment_status":"closed","ping_status":"closed","template":"","meta":{"neve_meta_sidebar":"","neve_meta_container":"","neve_meta_enable_content_width":"off","neve_meta_content_width":100,"neve_meta_title_alignment":"","neve_meta_author_avatar":"","neve_post_elements_order":"","neve_meta_disable_header":"","neve_meta_disable_footer":"","neve_meta_disable_title":"","footnotes":""},"class_list":["post-671","page","type-page","status-publish","hentry"],"jetpack_sharing_enabled":true,"_links":{"self":[{"href":"https:\/\/greenmonkeysanctuary.org\/index.php\/wp-json\/wp\/v2\/pages\/671","targetHints":{"allow":["GET"]}}],"collection":[{"href":"https:\/\/greenmonkeysanctuary.org\/index.php\/wp-json\/wp\/v2\/pages"}],"about":[{"href":"https:\/\/greenmonkeysanctuary.org\/index.php\/wp-json\/wp\/v2\/types\/page"}],"author":[{"embeddable":true,"href":"https:\/\/greenmonkeysanctuary.org\/index.php\/wp-json\/wp\/v2\/users\/1"}],"replies":[{"embeddable":true,"href":"https:\/\/greenmonkeysanctuary.org\/index.php\/wp-json\/wp\/v2\/comments?post=671"}],"version-history":[{"count":11,"href":"https:\/\/greenmonkeysanctuary.org\/index.php\/wp-json\/wp\/v2\/pages\/671\/revisions"}],"predecessor-version":[{"id":824,"href":"https:\/\/greenmonkeysanctuary.org\/index.php\/wp-json\/wp\/v2\/pages\/671\/revisions\/824"}],"wp:attachment":[{"href":"https:\/\/greenmonkeysanctuary.org\/index.php\/wp-json\/wp\/v2\/media?parent=671"}],"curies":[{"name":"wp","href":"https:\/\/api.w.org\/{rel}","templated":true}]}}