{"id":663,"date":"2023-04-28T16:35:31","date_gmt":"2023-04-28T14:35:31","guid":{"rendered":"https:\/\/greenmonkeysanctuary.org\/?page_id=663"},"modified":"2023-08-01T15:52:29","modified_gmt":"2023-08-01T13:52:29","slug":"association-2-fr","status":"publish","type":"page","link":"https:\/\/greenmonkeysanctuary.org\/index.php\/association-2-fr\/","title":{"rendered":"ASSOCIATION 2 FR"},"content":{"rendered":"<div id=\"pl-663\"  class=\"panel-layout\" ><div id=\"pg-663-0\"  class=\"panel-grid panel-no-style\" ><div id=\"pgc-663-0-0\"  class=\"panel-grid-cell panel-grid-cell-empty\" ><\/div><\/div><div id=\"pg-663-1\"  class=\"panel-grid panel-no-style\" ><div id=\"pgc-663-1-0\"  class=\"panel-grid-cell\" ><div id=\"panel-663-1-0-0\" class=\"so-panel widget widget_sow-headline panel-first-child panel-last-child\" data-index=\"0\" ><div class=\"so-rounded panel-widget-style panel-widget-style-for-663-1-0-0\" ><div\n\t\t\t\n\t\t\tclass=\"so-widget-sow-headline so-widget-sow-headline-default-8001fcb0339f-663\"\n\t\t\t\n\t\t><div class=\"sow-headline-container \">\n\t\t\t\t\t\t\t<h1 class=\"sow-headline\">\n\t\t\t\t\t\tL\u2019ASSOCIATION SANTUARIO DOS MACACOS DE CABO VERDE\t\t\t\t\t\t<\/h1>\n\t\t\t\t\t\t<\/div>\n<\/div><\/div><\/div><\/div><\/div><div id=\"pg-663-2\"  class=\"panel-grid panel-has-style\" ><div class=\"siteorigin-panels-stretch panel-row-style panel-row-style-for-663-2\" data-stretch-type=\"full-stretched\" ><div id=\"pgc-663-2-0\"  class=\"panel-grid-cell\" ><div id=\"panel-663-2-0-0\" class=\"so-panel widget widget_sow-headline panel-first-child\" data-index=\"1\" ><div\n\t\t\t\n\t\t\tclass=\"so-widget-sow-headline so-widget-sow-headline-default-f7fba0483640-663\"\n\t\t\t\n\t\t><div class=\"sow-headline-container \">\n\t\t\t\t\t\t\t<h2 class=\"sow-headline\">\n\t\t\t\t\t\tC'est l'unique association d\u00e9di\u00e9e \u00e0 la protection des singes au Cap-Vert.\t\t\t\t\t\t<\/h2>\n\t\t\t\t\t\t<\/div>\n<\/div><\/div><div id=\"panel-663-2-0-1\" class=\"so-panel widget widget_sow-editor panel-last-child\" data-index=\"2\" ><div\n\t\t\t\n\t\t\tclass=\"so-widget-sow-editor so-widget-sow-editor-base\"\n\t\t\t\n\t\t>\n<div class=\"siteorigin-widget-tinymce textwidget\">\n\t<h4><span style=\"color: #ffffff;\">L'association ne se limite pas \u00e0 la protection des singes et n'exclue pas de porter assistance \u00e0 d'autres animaux sauvages, n\u00e9s ou non en captivit\u00e9 lorsque cela s'av\u00e8re n\u00e9cessaire.<\/span><\/h4>\n<\/div>\n<\/div><\/div><\/div><div id=\"pgc-663-2-1\"  class=\"panel-grid-cell\" ><div id=\"panel-663-2-1-0\" class=\"so-panel widget widget_sow-image panel-first-child panel-last-child\" data-index=\"3\" ><div\n\t\t\t\n\t\t\tclass=\"so-widget-sow-image so-widget-sow-image-default-8b5b6f678277-663\"\n\t\t\t\n\t\t>\n<div class=\"sow-image-container\">\n\t\t<img \n\tsrc=\"https:\/\/greenmonkeysanctuary.org\/wp-content\/uploads\/2022\/09\/thumbs.web_.sapo_.io_.jpg\" width=\"811\" height=\"630\" srcset=\"https:\/\/greenmonkeysanctuary.org\/wp-content\/uploads\/2022\/09\/thumbs.web_.sapo_.io_.jpg 811w, https:\/\/greenmonkeysanctuary.org\/wp-content\/uploads\/2022\/09\/thumbs.web_.sapo_.io_-300x233.jpg 300w, https:\/\/greenmonkeysanctuary.org\/wp-content\/uploads\/2022\/09\/thumbs.web_.sapo_.io_-768x597.jpg 768w\" sizes=\"(max-width: 811px) 100vw, 811px\" title=\"thumbs.web.sapo.io\" alt=\"\" \t\tclass=\"so-widget-image\"\/>\n\t<\/div>\n\n<\/div><\/div><\/div><\/div><\/div><div id=\"pg-663-3\"  class=\"panel-grid panel-no-style\" ><div id=\"pgc-663-3-0\"  class=\"panel-grid-cell\" ><div id=\"panel-663-3-0-0\" class=\"so-panel widget widget_sow-editor panel-first-child panel-last-child\" data-index=\"4\" ><div\n\t\t\t\n\t\t\tclass=\"so-widget-sow-editor so-widget-sow-editor-base\"\n\t\t\t\n\t\t>\n<div class=\"siteorigin-widget-tinymce textwidget\">\n\t<p><span style=\"font-weight: 400; color: #335024;\">Afin de r\u00e9pondre aux besoins de sauvegarde des singes du Cap-Vert, l'association sans but lucratif \"<strong>Santu\u00e1rio dos Macacos de Cabo Verde<\/strong>\" a \u00e9t\u00e9 cr\u00e9\u00e9e en mars 2021, au Cap-Vert, avec la personnalit\u00e9 juridique : No. 194\/2021, Boletim Oficial N\u00ba 47, 16 mars 2021. (NIF N\u00b0585639302).\u00a0<\/span><\/p>\n<p><span style=\"font-weight: 400; color: #335024;\">L'association a \u00e9t\u00e9 cr\u00e9\u00e9e \u00e0 l'initiative de son actuel pr\u00e9sident, Gricha Lepointe, fran\u00e7aise r\u00e9sident au Cap-Vert, sociologue, sp\u00e9cialiste de l'ing\u00e9nierie du d\u00e9veloppement et passionn\u00e9 par les primates depuis de nombreuses ann\u00e9es.<br \/>\n<strong>C'est la seule association d\u00e9di\u00e9e principalement \u00e0 la protection des singes au Cap-Vert.\u00a0<\/strong><\/span><\/p>\n<p><span style=\"font-weight: 400; color: #335024;\">L'association est active au niveau national. Des partenariats sont d\u00e9velopp\u00e9s avec des universit\u00e9s, des associations, des ONG et des organisations internationales actives dans la protection de la faune et des singes en particulier, mais aussi dans la pr\u00e9servation de la biodiversit\u00e9 et la lutte contre le changement climatique.<\/span><\/p>\n<p><span style=\"color: #335024;\"><span style=\"font-weight: 400;\">L\u2019association fixe ses objectifs et les r\u00e9sultats \u00e0 atteindre dans un Plan d\u2019action ( 2-3 ann\u00e9es) et prend en compte les recommandations des organisations nationales et internationales sp\u00e9cialis\u00e9es dans la pr\u00e9servation de la biodiversit\u00e9 et des \u00e9cosyst\u00e8mes : principalement les recommandations et directives des organisations telles que : WWF, IPBES, IPCC, UN, ADB, IUCN, et en particulier le du nouveau Cadre Mondial pour la biodiversit\u00e9 de Kunming (Canada\/ D\u00e9c. 2022\/ COP15) de la Convention sur la Diversit\u00e9 Biologique de 1992.<br \/>\n<\/span><\/span><span style=\"font-weight: 400; color: #335024;\"><br \/>\nAu niveau national, les activit\u00e9s de l'association se r\u00e9f\u00e8rent \u00e0 la <em>Strat\u00e9gie et Plan d'action National pour la biodiversit\u00e9 2014-2030<\/em> du Minist\u00e8re de l'Agriculture et de l'Environnement du Cap-Vert.<\/span><\/p>\n<\/div>\n<\/div><\/div><\/div><\/div><div id=\"pg-663-4\"  class=\"panel-grid panel-no-style\" ><div id=\"pgc-663-4-0\"  class=\"panel-grid-cell\" ><div id=\"panel-663-4-0-0\" class=\"so-panel widget widget_sow-headline panel-first-child panel-last-child\" data-index=\"5\" ><div class=\"so-rounded panel-widget-style panel-widget-style-for-663-4-0-0\" ><div\n\t\t\t\n\t\t\tclass=\"so-widget-sow-headline so-widget-sow-headline-default-8001fcb0339f-663\"\n\t\t\t\n\t\t><div class=\"sow-headline-container \">\n\t\t\t\t\t\t\t<h1 class=\"sow-headline\">\n\t\t\t\t\t\tMISSION\t\t\t\t\t\t<\/h1>\n\t\t\t\t\t\t<\/div>\n<\/div><\/div><\/div><\/div><\/div><div id=\"pg-663-5\"  class=\"panel-grid panel-has-style\" ><div class=\"panel-row-style panel-row-style-for-663-5\" ><div id=\"pgc-663-5-0\"  class=\"panel-grid-cell\" ><div id=\"panel-663-5-0-0\" class=\"so-panel widget widget_sow-headline panel-first-child\" data-index=\"6\" ><div\n\t\t\t\n\t\t\tclass=\"so-widget-sow-headline so-widget-sow-headline-default-c076c36bbaaf-663\"\n\t\t\t\n\t\t><div class=\"sow-headline-container \">\n\t\t\t\t\t\t\t<h2 class=\"sow-sub-headline\">\n\t\t\t\t\t\t\u00ab\u00a0Vivre en harmonie avec la nature\u00a0\u00bb est le message fondateur de l\u2019association.\t\t\t\t\t\t<\/h2>\n\t\t\t\t\t\t<\/div>\n<\/div><\/div><div id=\"panel-663-5-0-1\" class=\"so-panel widget widget_sow-editor panel-last-child\" data-index=\"7\" ><div\n\t\t\t\n\t\t\tclass=\"so-widget-sow-editor so-widget-sow-editor-base\"\n\t\t\t\n\t\t>\n<div class=\"siteorigin-widget-tinymce textwidget\">\n\t<h4><span style=\"font-weight: 400;\">Il s'agit de concilier les besoins du bien-\u00eatre humain et la conservation des esp\u00e8ces animales, dans le but de pr\u00e9server la biodiversit\u00e9 pour les g\u00e9n\u00e9rations futures, \u00e0 savoir nos enfants et petits-enfants.\u00a0<\/span><\/h4>\n<p><span style=\"font-weight: 400;\">L'association sans but lucratif \"Santu\u00e1rio dos macacos de Cabo Verde\" est une organisation d\u00e9di\u00e9e \u00e0 la protection des animaux sauvages, n\u00e9s ou non en captivit\u00e9, avec une attention particuli\u00e8re pour les singes verts. Ainsi, l'association peut aider tout autre animal sauvage en souffrance ou en danger de mort.<\/span><\/p>\n<\/div>\n<\/div><\/div><\/div><div id=\"pgc-663-5-1\"  class=\"panel-grid-cell\" ><div id=\"panel-663-5-1-0\" class=\"so-panel widget widget_sow-image panel-first-child panel-last-child\" data-index=\"8\" ><div\n\t\t\t\n\t\t\tclass=\"so-widget-sow-image so-widget-sow-image-default-8b5b6f678277-663\"\n\t\t\t\n\t\t>\n<div class=\"sow-image-container\">\n\t\t<img \n\tsrc=\"https:\/\/greenmonkeysanctuary.org\/wp-content\/uploads\/2022\/09\/monkey-11.jpg\" width=\"1080\" height=\"996\" srcset=\"https:\/\/greenmonkeysanctuary.org\/wp-content\/uploads\/2022\/09\/monkey-11.jpg 1080w, https:\/\/greenmonkeysanctuary.org\/wp-content\/uploads\/2022\/09\/monkey-11-300x277.jpg 300w, https:\/\/greenmonkeysanctuary.org\/wp-content\/uploads\/2022\/09\/monkey-11-1024x944.jpg 1024w, https:\/\/greenmonkeysanctuary.org\/wp-content\/uploads\/2022\/09\/monkey-11-768x708.jpg 768w\" sizes=\"(max-width: 1080px) 100vw, 1080px\" alt=\"\" \t\tclass=\"so-widget-image\"\/>\n\t<\/div>\n\n<\/div><\/div><\/div><\/div><\/div><div id=\"pg-663-6\"  class=\"panel-grid panel-has-style\" ><div class=\"siteorigin-panels-stretch panel-row-style panel-row-style-for-663-6\" data-stretch-type=\"full-stretched\" ><div id=\"pgc-663-6-0\"  class=\"panel-grid-cell\" ><div id=\"panel-663-6-0-0\" class=\"so-panel widget widget_sow-editor panel-first-child panel-last-child\" data-index=\"9\" ><div\n\t\t\t\n\t\t\tclass=\"so-widget-sow-editor so-widget-sow-editor-base\"\n\t\t\t\n\t\t>\n<div class=\"siteorigin-widget-tinymce textwidget\">\n\t<p><span style=\"color: #ffffff;\"><b>L'association a vocation \u00e0 g\u00e9rer un\u00a0Centre de r\u00e9habilitation\u00a0pour l'assistance imm\u00e9diate des singes et autres animaux sauvages, ainsi qu'un sanctuaire (aire prot\u00e9g\u00e9e\/r\u00e9serve naturelle) <\/b><span style=\"font-weight: 400;\">pour la r\u00e9introduction des singes dans un environnement naturel mais avec des actions de protection ad\u00e9quates. Lorsque cela est possible des groupes de singes peuvent \u00eatre r\u00e9introduit dans leur habitat naturel.\u00a0<\/span><\/span><\/p>\n<p><span style=\"color: #ffffff;\"><b>L'association entend jouer un r\u00f4le actif dans la lutte contre la maltraitance des singes<\/b><span style=\"font-weight: 400;\"> en d\u00e9non\u00e7ant les cas av\u00e9r\u00e9s de maltraitance et en accueillant les singes dans le Centre de r\u00e9habilitation sur d\u00e9cision des autorit\u00e9s responsables ou des propri\u00e9taires. L\u2019association s\u2019engage \u00e0 effectuer un plaidoyer permanent pour la protection des singes verts et \u00e0 encourager les autorit\u00e9s nationales \u00e0 l\u00e9gif\u00e9rer en faveur de la protection des singes verts.<\/span><\/span><\/p>\n<\/div>\n<\/div><\/div><\/div><div id=\"pgc-663-6-1\"  class=\"panel-grid-cell\" ><div id=\"panel-663-6-1-0\" class=\"so-panel widget widget_sow-image panel-first-child panel-last-child\" data-index=\"10\" ><div\n\t\t\t\n\t\t\tclass=\"so-widget-sow-image so-widget-sow-image-default-8b5b6f678277-663\"\n\t\t\t\n\t\t>\n<div class=\"sow-image-container\">\n\t\t<img \n\tsrc=\"https:\/\/greenmonkeysanctuary.org\/wp-content\/uploads\/2023\/05\/2345.jpg\" width=\"526\" height=\"526\" srcset=\"https:\/\/greenmonkeysanctuary.org\/wp-content\/uploads\/2023\/05\/2345.jpg 526w, https:\/\/greenmonkeysanctuary.org\/wp-content\/uploads\/2023\/05\/2345-300x300.jpg 300w, https:\/\/greenmonkeysanctuary.org\/wp-content\/uploads\/2023\/05\/2345-150x150.jpg 150w, https:\/\/greenmonkeysanctuary.org\/wp-content\/uploads\/2023\/05\/2345-375x375.jpg 375w\" sizes=\"(max-width: 526px) 100vw, 526px\" alt=\"\" \t\tclass=\"so-widget-image\"\/>\n\t<\/div>\n\n<\/div><\/div><\/div><\/div><\/div><div id=\"pg-663-7\"  class=\"panel-grid panel-has-style\" ><div class=\"siteorigin-panels-stretch panel-row-style panel-row-style-for-663-7\" data-stretch-type=\"full-stretched\" ><div id=\"pgc-663-7-0\"  class=\"panel-grid-cell\" ><div id=\"panel-663-7-0-0\" class=\"so-panel widget widget_sow-image panel-first-child panel-last-child\" data-index=\"11\" ><div\n\t\t\t\n\t\t\tclass=\"so-widget-sow-image so-widget-sow-image-default-8b5b6f678277-663\"\n\t\t\t\n\t\t>\n<div class=\"sow-image-container\">\n\t\t<img \n\tsrc=\"https:\/\/greenmonkeysanctuary.org\/wp-content\/uploads\/2023\/05\/DSC_4596-scaled.jpg\" width=\"2560\" height=\"1707\" srcset=\"https:\/\/greenmonkeysanctuary.org\/wp-content\/uploads\/2023\/05\/DSC_4596-scaled.jpg 2560w, https:\/\/greenmonkeysanctuary.org\/wp-content\/uploads\/2023\/05\/DSC_4596-300x200.jpg 300w, https:\/\/greenmonkeysanctuary.org\/wp-content\/uploads\/2023\/05\/DSC_4596-1024x683.jpg 1024w, https:\/\/greenmonkeysanctuary.org\/wp-content\/uploads\/2023\/05\/DSC_4596-768x512.jpg 768w, https:\/\/greenmonkeysanctuary.org\/wp-content\/uploads\/2023\/05\/DSC_4596-1536x1024.jpg 1536w, https:\/\/greenmonkeysanctuary.org\/wp-content\/uploads\/2023\/05\/DSC_4596-2048x1365.jpg 2048w, https:\/\/greenmonkeysanctuary.org\/wp-content\/uploads\/2023\/05\/DSC_4596-930x620.jpg 930w, https:\/\/greenmonkeysanctuary.org\/wp-content\/uploads\/2023\/05\/DSC_4596-272x182.jpg 272w, https:\/\/greenmonkeysanctuary.org\/wp-content\/uploads\/2023\/05\/DSC_4596-720x480.jpg 720w\" sizes=\"(max-width: 2560px) 100vw, 2560px\" title=\"DSC_4596\" alt=\"\" \t\tclass=\"so-widget-image\"\/>\n\t<\/div>\n\n<\/div><\/div><\/div><div id=\"pgc-663-7-1\"  class=\"panel-grid-cell\" ><div id=\"panel-663-7-1-0\" class=\"so-panel widget widget_sow-editor panel-first-child panel-last-child\" data-index=\"12\" ><div\n\t\t\t\n\t\t\tclass=\"so-widget-sow-editor so-widget-sow-editor-base\"\n\t\t\t\n\t\t>\n<div class=\"siteorigin-widget-tinymce textwidget\">\n\t<p><span style=\"color: #ffffff;\"><b>L'association vise \u00e0 devenir un acteur du d\u00e9veloppement durable au Cap-Vert<\/b><span style=\"font-weight: 400;\">, en int\u00e9grant dans sa strat\u00e9gie d'intervention les Objectifs de D\u00e9veloppement Durable et les lignes directrices donn\u00e9es par la Convention des Nations Unies sur la Diversit\u00e9 Biologique et de tout autre organisme sp\u00e9cialis\u00e9 sur la pr\u00e9servation de la biodiviersit\u00e9 et la protection des animaux (UICN, WWF, PNUE, etc.).\u00a0<\/span><\/span><\/p>\n<p><span style=\"color: #ffffff;\"><span style=\"font-weight: 400;\">A travers des activit\u00e9s \u00e9ducatives, <\/span><b>l'association sensibilise la population \u00e0 la pr\u00e9servation de la biodiversit\u00e9 et des \u00e9cosyst\u00e8mes, et promeut des actions de lutte contre le changement climatique.<\/b><\/span><\/p>\n<p><span style=\"color: #ffffff;\"><b><\/b><b>Privil\u00e9gier une approche int\u00e9gr\u00e9e<\/b><span style=\"font-weight: 400;\">, <\/span><b>car agir pour la protection des singes, c'est \u00eatre acteur de la pr\u00e9servation de la biodiversit\u00e9 et de la lutte contre le changement climatique. <\/b><span style=\"font-weight: 400;\">L'association travaillera sur diff\u00e9rents th\u00e8mes et secteurs cruciaux pour la pr\u00e9servation des esp\u00e8ces animales ; la pr\u00e9servation de la biodiversit\u00e9, la lutte contre le changement climatique, la gestion durable des for\u00eats, et la r\u00e9duction de la pauvret\u00e9, notamment en milieu rural, en collaborant avec diff\u00e9rents acteurs.<\/span><\/span><\/p>\n<\/div>\n<\/div><\/div><\/div><\/div><\/div><div id=\"pg-663-8\"  class=\"panel-grid panel-no-style\" ><div id=\"pgc-663-8-0\"  class=\"panel-grid-cell\" ><div id=\"panel-663-8-0-0\" class=\"so-panel widget widget_sow-headline panel-first-child panel-last-child\" data-index=\"13\" ><div class=\"so-rounded panel-widget-style panel-widget-style-for-663-8-0-0\" ><div\n\t\t\t\n\t\t\tclass=\"so-widget-sow-headline so-widget-sow-headline-default-8001fcb0339f-663\"\n\t\t\t\n\t\t><div class=\"sow-headline-container \">\n\t\t\t\t\t\t\t<h1 class=\"sow-headline\">\n\t\t\t\t\t\tINTERVENTIONS\t\t\t\t\t\t<\/h1>\n\t\t\t\t\t\t<\/div>\n<\/div><\/div><\/div><\/div><\/div><div id=\"pg-663-9\"  class=\"panel-grid panel-no-style\" ><div id=\"pgc-663-9-0\"  class=\"panel-grid-cell panel-grid-cell-mobile-last\" ><div id=\"panel-663-9-0-0\" class=\"so-panel widget widget_sow-editor panel-first-child panel-last-child\" data-index=\"14\" ><div\n\t\t\t\n\t\t\tclass=\"so-widget-sow-editor so-widget-sow-editor-base\"\n\t\t\t\n\t\t>\n<div class=\"siteorigin-widget-tinymce textwidget\">\n\t<ul>\n<li><strong>La protection des singes vivant dans leur environnement naturel, en collaboration avec les minist\u00e8res, les municipalit\u00e9s, les agriculteurs et les communaut\u00e9s concern\u00e9es.<\/strong><\/li>\n<li><strong>La pr\u00e9servation de la biodiversit\u00e9 et la lutte contre le changement climatique.<\/strong><\/li>\n<li><strong>L\u2019assistance imm\u00e9diate pour les singes et les animaux sauvages ayant besoin de soins et d'un abri s\u00fbr et appropri\u00e9.<\/strong><\/li>\n<li><strong>La d\u00e9nonciation des mauvais traitements inflig\u00e9s \u00e0 des singes ou \u00e0 d'autres animaux sauvages en captivit\u00e9.\u00a0<\/strong><\/li>\n<\/ul>\n<\/div>\n<\/div><\/div><\/div><div id=\"pgc-663-9-1\"  class=\"panel-grid-cell panel-grid-cell-empty\" ><\/div><\/div><div id=\"pg-663-10\"  class=\"panel-grid panel-has-style\" ><div class=\"siteorigin-panels-stretch panel-row-style panel-row-style-for-663-10\" data-stretch-type=\"full-stretched\" ><div id=\"pgc-663-10-0\"  class=\"panel-grid-cell\" ><div id=\"panel-663-10-0-0\" class=\"so-panel widget widget_sow-image panel-first-child panel-last-child\" data-index=\"15\" ><div\n\t\t\t\n\t\t\tclass=\"so-widget-sow-image so-widget-sow-image-default-8b5b6f678277-663\"\n\t\t\t\n\t\t>\n<div class=\"sow-image-container\">\n\t\t<img \n\tsrc=\"https:\/\/greenmonkeysanctuary.org\/wp-content\/uploads\/2023\/05\/2346.jpg\" width=\"526\" height=\"526\" sizes=\"(max-width: 526px) 100vw, 526px\" alt=\"\" \t\tclass=\"so-widget-image\"\/>\n\t<\/div>\n\n<\/div><\/div><\/div><div id=\"pgc-663-10-1\"  class=\"panel-grid-cell\" ><div id=\"panel-663-10-1-0\" class=\"so-panel widget widget_sow-editor panel-first-child panel-last-child\" data-index=\"16\" ><div\n\t\t\t\n\t\t\tclass=\"so-widget-sow-editor so-widget-sow-editor-base\"\n\t\t\t\n\t\t>\n<div class=\"siteorigin-widget-tinymce textwidget\">\n\t<p><strong><span style=\"color: #ffffff;\">La capture des singes \u00e0 la demande de leurs propri\u00e9taires, des autorit\u00e9s nationales ou des communaut\u00e9s locales.<\/span><\/strong><\/p>\n<p><strong><span style=\"color: #ffffff;\">La r\u00e9int\u00e9gration des singes dans une zone prot\u00e9g\u00e9e (sanctuaire) ou dans leur environnement naturel lorsque cela est possible et appropri\u00e9.<\/span><\/strong><\/p>\n<p><strong><span style=\"color: #ffffff;\">La recherche et les \u00e9tudes scientifiques sur les singes et les \u00e9cosyst\u00e8mes du Cap Vert.<\/span><\/strong><\/p>\n<p><strong><span style=\"color: #ffffff;\">L\u2019organisation de campagnes d'information, de sensibilisation pour le grand public, les agences nationales, les organisations internationales, les \u00e9coles et les universit\u00e9s, le secteur priv\u00e9, etc.<\/span><\/strong><\/p>\n<\/div>\n<\/div><\/div><\/div><\/div><\/div><div id=\"pg-663-11\"  class=\"panel-grid panel-no-style\" ><div id=\"pgc-663-11-0\"  class=\"panel-grid-cell panel-grid-cell-empty\" ><\/div><\/div><\/div>","protected":false},"excerpt":{"rendered":"<p>L\u2019ASSOCIATION SANTUARIO DOS MACACOS DE CABO VERDE C&rsquo;est l&rsquo;unique association d\u00e9di\u00e9e \u00e0 la protection des singes au Cap-Vert. L&rsquo;association ne se limite pas \u00e0 la protection des singes et n&rsquo;exclue pas de porter assistance \u00e0 d&rsquo;autres animaux sauvages, n\u00e9s ou non en captivit\u00e9 lorsque cela s&rsquo;av\u00e8re n\u00e9cessaire. Afin de r\u00e9pondre aux besoins de sauvegarde des&hellip;&nbsp;<a href=\"https:\/\/greenmonkeysanctuary.org\/index.php\/association-2-fr\/\" rel=\"bookmark\">Lire la suite &raquo;<span class=\"screen-reader-text\">ASSOCIATION 2 FR<\/span><\/a><\/p>\n","protected":false},"author":1,"featured_media":0,"parent":0,"menu_order":0,"comment_status":"closed","ping_status":"closed","template":"","meta":{"neve_meta_sidebar":"","neve_meta_container":"","neve_meta_enable_content_width":"off","neve_meta_content_width":100,"neve_meta_title_alignment":"","neve_meta_author_avatar":"","neve_post_elements_order":"","neve_meta_disable_header":"","neve_meta_disable_footer":"","neve_meta_disable_title":"","footnotes":""},"class_list":["post-663","page","type-page","status-publish","hentry"],"jetpack_sharing_enabled":true,"_links":{"self":[{"href":"https:\/\/greenmonkeysanctuary.org\/index.php\/wp-json\/wp\/v2\/pages\/663","targetHints":{"allow":["GET"]}}],"collection":[{"href":"https:\/\/greenmonkeysanctuary.org\/index.php\/wp-json\/wp\/v2\/pages"}],"about":[{"href":"https:\/\/greenmonkeysanctuary.org\/index.php\/wp-json\/wp\/v2\/types\/page"}],"author":[{"embeddable":true,"href":"https:\/\/greenmonkeysanctuary.org\/index.php\/wp-json\/wp\/v2\/users\/1"}],"replies":[{"embeddable":true,"href":"https:\/\/greenmonkeysanctuary.org\/index.php\/wp-json\/wp\/v2\/comments?post=663"}],"version-history":[{"count":33,"href":"https:\/\/greenmonkeysanctuary.org\/index.php\/wp-json\/wp\/v2\/pages\/663\/revisions"}],"predecessor-version":[{"id":745,"href":"https:\/\/greenmonkeysanctuary.org\/index.php\/wp-json\/wp\/v2\/pages\/663\/revisions\/745"}],"wp:attachment":[{"href":"https:\/\/greenmonkeysanctuary.org\/index.php\/wp-json\/wp\/v2\/media?parent=663"}],"curies":[{"name":"wp","href":"https:\/\/api.w.org\/{rel}","templated":true}]}}