{"id":26,"date":"2022-09-26T12:47:54","date_gmt":"2022-09-26T10:47:54","guid":{"rendered":"http:\/\/greenmonkeysanctuary.org\/?page_id=26"},"modified":"2023-01-06T17:25:56","modified_gmt":"2023-01-06T16:25:56","slug":"project","status":"publish","type":"page","link":"https:\/\/greenmonkeysanctuary.org\/index.php\/project\/","title":{"rendered":"Project FR"},"content":{"rendered":"<div id=\"pl-26\"  class=\"panel-layout\" ><div id=\"pg-26-0\"  class=\"panel-grid panel-no-style\" ><div id=\"pgc-26-0-0\"  class=\"panel-grid-cell\" ><div id=\"panel-26-0-0-0\" class=\"so-panel widget widget_sow-headline panel-first-child\" data-index=\"0\" ><div class=\"so-rounded panel-widget-style panel-widget-style-for-26-0-0-0\" ><div\n\t\t\t\n\t\t\tclass=\"so-widget-sow-headline so-widget-sow-headline-default-13954272c39a-26\"\n\t\t\t\n\t\t><div class=\"sow-headline-container \">\n\t\t\t\t\t\t\t<h1 class=\"sow-headline\">\n\t\t\t\t\t\tLA PROTECTION DES SINGES DU CAP-VERT\t\t\t\t\t\t<\/h1>\n\t\t\t\t\t\t<\/div>\n<\/div><\/div><\/div><div id=\"panel-26-0-0-1\" class=\"so-panel widget widget_sow-editor panel-last-child\" data-index=\"1\" ><div class=\"so-rounded panel-widget-style panel-widget-style-for-26-0-0-1\" ><div\n\t\t\t\n\t\t\tclass=\"so-widget-sow-editor so-widget-sow-editor-base\"\n\t\t\t\n\t\t>\n<div class=\"siteorigin-widget-tinymce textwidget\">\n\t<h2 style=\"text-align: center;\"><span style=\"color: #335024;\">Prot\u00e9ger les singes verts en contribuant \u00e0 la pr\u00e9servation de la biodiversit\u00e9, \u00e0 la lutte contre le changement climatique et \u00e0 la promotion du tourisme de nature.<\/span><\/h2>\n<\/div>\n<\/div><\/div><\/div><\/div><\/div><div id=\"pg-26-1\"  class=\"panel-grid panel-no-style\" ><div id=\"pgc-26-1-0\"  class=\"panel-grid-cell\" ><div id=\"panel-26-1-0-0\" class=\"so-panel widget widget_sow-headline panel-first-child\" data-index=\"2\" ><div\n\t\t\t\n\t\t\tclass=\"so-widget-sow-headline so-widget-sow-headline-default-5bf93bd85187-26\"\n\t\t\t\n\t\t><div class=\"sow-headline-container \">\n\t\t\t\t\t\t<div class=\"decoration\">\n\t\t\t\t\t\t<div class=\"decoration-inside\"><\/div>\n\t\t\t\t\t<\/div>\n\t\t\t\t\t\t\t\t\t\t\t<h2 class=\"sow-headline\">\n\t\t\t\t\t\tObjectifs &amp; activit\u00e9s\t\t\t\t\t\t<\/h2>\n\t\t\t\t\t\t\t\t\t\t\t\t<h3 class=\"sow-sub-headline\">\n\t\t\t\t\t\tOBJ1 : ASSISTANCE AUX SINGES ABANDONN\u00c9S, BLESS\u00c9S, MALTRAIT\u00c9S, OU CONFI\u00c9S PAR LEURS PRORI\u00c9TAIRES OU PAR LES AUTORIT\u00c9S\t\t\t\t\t\t<\/h3>\n\t\t\t\t\t\t<\/div>\n<\/div><\/div><div id=\"panel-26-1-0-1\" class=\"so-panel widget widget_sow-editor panel-last-child\" data-index=\"3\" ><div\n\t\t\t\n\t\t\tclass=\"so-widget-sow-editor so-widget-sow-editor-base\"\n\t\t\t\n\t\t>\n<div class=\"siteorigin-widget-tinymce textwidget\">\n\t<ul>\n<li>Installation d\u2018un refuge pour prendre en charge 7J\/7J et 24H\/24H les animaux sauvages et en particulier les singes orphelins, bless\u00e9s, abandonn\u00e9s ou qui ne peuvent plus \u00eatre gard\u00e9s par leur propri\u00e9taire et leur fournir un environnement s\u00fbr et adapt\u00e9 dans une perspective de r\u00e9int\u00e9gration dans leur espace naturel lorsque cela est possible.<\/li>\n<li>Mettre en place une clinique v\u00e9t\u00e9rinaire sp\u00e9cialis\u00e9e pour les primates<\/li>\n<li>Disposer d\u2019une \u00e9quipe d\u2019agents animalier et du mat\u00e9riel ad\u00e9quat pour la capture, le transport et la manipulation s\u00e9curis\u00e9e des singes<\/li>\n<li>Cr\u00e9ation d\u2019un espace d\u2019information sur les singes<\/li>\n<li>Organisation de visites guid\u00e9es du refuge pour les \u00e9coles, associations, groupes, etc..<\/li>\n<\/ul>\n<\/div>\n<\/div><\/div><\/div><div id=\"pgc-26-1-1\"  class=\"panel-grid-cell\" ><div id=\"panel-26-1-1-0\" class=\"so-panel widget widget_sow-image panel-first-child panel-last-child\" data-index=\"4\" ><div\n\t\t\t\n\t\t\tclass=\"so-widget-sow-image so-widget-sow-image-default-8b5b6f678277-26\"\n\t\t\t\n\t\t>\n<div class=\"sow-image-container\">\n\t\t<img \n\tsrc=\"https:\/\/greenmonkeysanctuary.org\/wp-content\/uploads\/2022\/09\/IMG_20210210_114351_3-scaled.jpg\" width=\"1898\" height=\"2560\" srcset=\"https:\/\/greenmonkeysanctuary.org\/wp-content\/uploads\/2022\/09\/IMG_20210210_114351_3-scaled.jpg 1898w, https:\/\/greenmonkeysanctuary.org\/wp-content\/uploads\/2022\/09\/IMG_20210210_114351_3-222x300.jpg 222w, https:\/\/greenmonkeysanctuary.org\/wp-content\/uploads\/2022\/09\/IMG_20210210_114351_3-759x1024.jpg 759w, https:\/\/greenmonkeysanctuary.org\/wp-content\/uploads\/2022\/09\/IMG_20210210_114351_3-768x1036.jpg 768w, https:\/\/greenmonkeysanctuary.org\/wp-content\/uploads\/2022\/09\/IMG_20210210_114351_3-1139x1536.jpg 1139w, https:\/\/greenmonkeysanctuary.org\/wp-content\/uploads\/2022\/09\/IMG_20210210_114351_3-1518x2048.jpg 1518w\" sizes=\"(max-width: 1898px) 100vw, 1898px\" title=\"IMG_20210210_114351_3\" alt=\"\" \t\tclass=\"so-widget-image\"\/>\n\t<\/div>\n\n<\/div><\/div><\/div><\/div><div id=\"pg-26-2\"  class=\"panel-grid panel-no-style\" ><div id=\"pgc-26-2-0\"  class=\"panel-grid-cell\" ><div id=\"panel-26-2-0-0\" class=\"so-panel widget widget_sow-headline panel-first-child\" data-index=\"5\" ><div\n\t\t\t\n\t\t\tclass=\"so-widget-sow-headline so-widget-sow-headline-default-5bf93bd85187-26\"\n\t\t\t\n\t\t><div class=\"sow-headline-container \">\n\t\t\t\t\t\t<div class=\"decoration\">\n\t\t\t\t\t\t<div class=\"decoration-inside\"><\/div>\n\t\t\t\t\t<\/div>\n\t\t\t\t\t\t\t\t\t\t\t<h3 class=\"sow-sub-headline\">\n\t\t\t\t\t\tOBJ 2 : LUTTE CONTRE LA MATRAITANCE DES SINGES\t\t\t\t\t\t<\/h3>\n\t\t\t\t\t\t<\/div>\n<\/div><\/div><div id=\"panel-26-2-0-1\" class=\"so-panel widget widget_sow-image\" data-index=\"6\" ><div\n\t\t\t\n\t\t\tclass=\"so-widget-sow-image so-widget-sow-image-default-8b5b6f678277-26\"\n\t\t\t\n\t\t>\n<div class=\"sow-image-container\">\n\t\t<img \n\tsrc=\"https:\/\/greenmonkeysanctuary.org\/wp-content\/uploads\/2022\/12\/unnamed21-scaled.jpg\" width=\"2560\" height=\"1920\" srcset=\"https:\/\/greenmonkeysanctuary.org\/wp-content\/uploads\/2022\/12\/unnamed21-scaled.jpg 2560w, https:\/\/greenmonkeysanctuary.org\/wp-content\/uploads\/2022\/12\/unnamed21-300x225.jpg 300w, https:\/\/greenmonkeysanctuary.org\/wp-content\/uploads\/2022\/12\/unnamed21-1024x768.jpg 1024w, https:\/\/greenmonkeysanctuary.org\/wp-content\/uploads\/2022\/12\/unnamed21-768x576.jpg 768w, https:\/\/greenmonkeysanctuary.org\/wp-content\/uploads\/2022\/12\/unnamed21-1536x1152.jpg 1536w, https:\/\/greenmonkeysanctuary.org\/wp-content\/uploads\/2022\/12\/unnamed21-2048x1536.jpg 2048w\" sizes=\"(max-width: 2560px) 100vw, 2560px\" title=\"unnamed21\" alt=\"\" \t\tclass=\"so-widget-image\"\/>\n\t<\/div>\n\n<\/div><\/div><div id=\"panel-26-2-0-2\" class=\"so-panel widget widget_sow-editor panel-last-child\" data-index=\"7\" ><div\n\t\t\t\n\t\t\tclass=\"so-widget-sow-editor so-widget-sow-editor-base\"\n\t\t\t\n\t\t>\n<div class=\"siteorigin-widget-tinymce textwidget\">\n\t<ul>\n<li>Mener des actions d\u2019information et de conseil aupr\u00e8s du grand public sur les conditions de captivit\u00e9 des singes<\/li>\n<li>\u00c9laboration de supports d\u2019information<\/li>\n<li>D\u00e9noncer aupr\u00e8s des autorit\u00e9s nationales les cas de maltraitance des singes<\/li>\n<li>R\u00e9cup\u00e9rer ou capturer les singes \u00e0 la demande des propri\u00e9taires ou la demande des autorit\u00e9s<\/li>\n<li>S\u00e9ances de sensibilisation dans les \u00e9coles.<\/li>\n<\/ul>\n<\/div>\n<\/div><\/div><\/div><\/div><div id=\"pg-26-3\"  class=\"panel-grid panel-no-style\" ><div id=\"pgc-26-3-0\"  class=\"panel-grid-cell\" ><div id=\"panel-26-3-0-0\" class=\"so-panel widget widget_sow-headline panel-first-child panel-last-child\" data-index=\"8\" ><div\n\t\t\t\n\t\t\tclass=\"so-widget-sow-headline so-widget-sow-headline-default-5bf93bd85187-26\"\n\t\t\t\n\t\t><div class=\"sow-headline-container \">\n\t\t\t\t\t\t<div class=\"decoration\">\n\t\t\t\t\t\t<div class=\"decoration-inside\"><\/div>\n\t\t\t\t\t<\/div>\n\t\t\t\t\t\t\t\t\t\t\t<h3 class=\"sow-sub-headline\">\n\t\t\t\t\t\tOBJ3 : PROTEGER LES SINGES DANS LEUR MILIEU NATUREL, PR\u00c9SERVER LA BIODIVERSIT\u00c9 ET AGIR CONTRE LE CHANGEMENT CLIMATIQUE\t\t\t\t\t\t<\/h3>\n\t\t\t\t\t\t<\/div>\n<\/div><\/div><\/div><div id=\"pgc-26-3-1\"  class=\"panel-grid-cell\" ><div id=\"panel-26-3-1-0\" class=\"so-panel widget widget_sow-image panel-first-child panel-last-child\" data-index=\"9\" ><div\n\t\t\t\n\t\t\tclass=\"so-widget-sow-image so-widget-sow-image-default-8b5b6f678277-26\"\n\t\t\t\n\t\t>\n<div class=\"sow-image-container\">\n\t\t<img \n\tsrc=\"https:\/\/greenmonkeysanctuary.org\/wp-content\/uploads\/2022\/09\/monkey-11.jpg\" width=\"1080\" height=\"996\" srcset=\"https:\/\/greenmonkeysanctuary.org\/wp-content\/uploads\/2022\/09\/monkey-11.jpg 1080w, https:\/\/greenmonkeysanctuary.org\/wp-content\/uploads\/2022\/09\/monkey-11-300x277.jpg 300w, https:\/\/greenmonkeysanctuary.org\/wp-content\/uploads\/2022\/09\/monkey-11-1024x944.jpg 1024w, https:\/\/greenmonkeysanctuary.org\/wp-content\/uploads\/2022\/09\/monkey-11-768x708.jpg 768w\" sizes=\"(max-width: 1080px) 100vw, 1080px\" alt=\"\" \t\tclass=\"so-widget-image\"\/>\n\t<\/div>\n\n<\/div><\/div><\/div><\/div><div id=\"pg-26-4\"  class=\"panel-grid panel-no-style\" ><div id=\"pgc-26-4-0\"  class=\"panel-grid-cell\" ><div id=\"panel-26-4-0-0\" class=\"so-panel widget widget_sow-editor panel-first-child panel-last-child\" data-index=\"10\" ><div\n\t\t\t\n\t\t\tclass=\"so-widget-sow-editor so-widget-sow-editor-base\"\n\t\t\t\n\t\t>\n<div class=\"siteorigin-widget-tinymce textwidget\">\n\t<ul>\n<li>Cr\u00e9ation d\u2019une aire prot\u00e9g\u00e9e (r\u00e9serve) pour la r\u00e9int\u00e9gration des singes du refuge<br \/>\nqui pourrait devenir un centre d\u2019\u00e9tudes scientifiques et un lieu attractif touristique (\u00e9cotourisme).<\/li>\n<li>R\u00e9int\u00e9gration des singes du refuge dans une aire prot\u00e9g\u00e9e lorsque cela sera possible<\/li>\n<li>Recensement des singes sur l'\u00eele de Santiago et Brava et cartographie des zones d'habitat sur la base de m\u00e9thodologies \u00e9prouv\u00e9es<\/li>\n<li>R\u00e9aliser des estimations des d\u00e9g\u00e2ts caus\u00e9s par les singes<\/li>\n<li>Aide aux agriculteurs pour la protection des zones agricoles pour limiter les d\u00e9g\u00e2ts effectu\u00e9s par les singes en qu\u00eate de nourriture.<\/li>\n<li>R\u00e9habilitation et reboisement des forets avec les communaut\u00e9s<\/li>\n<li>D\u00e9velopper les connaissances \u00e9cologiques et \u00e9cosyst\u00e9mique en lien avec les singes.<\/li>\n<li>Cr\u00e9er des partenariats scientifiques avec des universit\u00e9s, des organisations internationales, des associations de primatologues.<\/li>\n<li>Participer et contribuer dans les interventions sur la pr\u00e9servation de la biodiversit\u00e9 et des \u00e9cosyst\u00e8mes et la lutte contre le changement climatique.<\/li>\n<li>D\u00e9velopper des circuits touristiques de sensibilisation sur le r\u00f4le des singes dans leur milieu naturel pour les \u00e9coles, les influenceurs, et les groupes adeptes de l\u2019\u00e9cotourisme.<\/li>\n<\/ul>\n<\/div>\n<\/div><\/div><\/div><\/div><div id=\"pg-26-5\"  class=\"panel-grid panel-no-style\" ><div id=\"pgc-26-5-0\"  class=\"panel-grid-cell\" ><div id=\"panel-26-5-0-0\" class=\"so-panel widget widget_sow-image panel-first-child panel-last-child\" data-index=\"11\" ><div\n\t\t\t\n\t\t\tclass=\"so-widget-sow-image so-widget-sow-image-default-c67d20f9f743-26\"\n\t\t\t\n\t\t>\n<div class=\"sow-image-container\">\n\t\t<img \n\tsrc=\"https:\/\/greenmonkeysanctuary.org\/wp-content\/uploads\/2022\/11\/UntitledImage.png\" width=\"453\" height=\"340\" srcset=\"https:\/\/greenmonkeysanctuary.org\/wp-content\/uploads\/2022\/11\/UntitledImage.png 453w, https:\/\/greenmonkeysanctuary.org\/wp-content\/uploads\/2022\/11\/UntitledImage-300x225.png 300w\" sizes=\"(max-width: 453px) 100vw, 453px\" title=\"UntitledImage.png\" alt=\"\" \t\tclass=\"so-widget-image\"\/>\n\t<\/div>\n\n<\/div><\/div><\/div><div id=\"pgc-26-5-1\"  class=\"panel-grid-cell\" ><div id=\"panel-26-5-1-0\" class=\"so-panel widget widget_sow-headline panel-first-child\" data-index=\"12\" ><div\n\t\t\t\n\t\t\tclass=\"so-widget-sow-headline so-widget-sow-headline-default-5bf93bd85187-26\"\n\t\t\t\n\t\t><div class=\"sow-headline-container \">\n\t\t\t\t\t\t<div class=\"decoration\">\n\t\t\t\t\t\t<div class=\"decoration-inside\"><\/div>\n\t\t\t\t\t<\/div>\n\t\t\t\t\t\t\t\t\t\t\t<h3 class=\"sow-sub-headline\">\n\t\t\t\t\t\tOBJ 4. MOBILISER PAR DES ACTIONS D\u2019INFORMATION, D\u2019EDUCATION, ET DE RECHERCHE\t\t\t\t\t\t<\/h3>\n\t\t\t\t\t\t<\/div>\n<\/div><\/div><div id=\"panel-26-5-1-1\" class=\"so-panel widget widget_sow-editor panel-last-child\" data-index=\"13\" ><div\n\t\t\t\n\t\t\tclass=\"so-widget-sow-editor so-widget-sow-editor-base\"\n\t\t\t\n\t\t>\n<div class=\"siteorigin-widget-tinymce textwidget\">\n\t<ul>\n<li>Organiser des campagnes d'information, d\u2019\u00e9ducation et de communication pour sensibiliser les jeunes et la population \u00e0 la n\u00e9cessit\u00e9 de pr\u00e9server la biodiversit\u00e9 et de prot\u00e9ger les singes.<\/li>\n<li>Organiser des conf\u00e9rences r\u00e9gionales \/ internationales sur la pr\u00e9servation des singes Vervets au Cabo Verde\/ participer \u00e0 des conf\u00e9rences internationales \u00e0 l\u2019\u00e9tranger.<\/li>\n<li>D\u00e9velopper des partenariats avec d'autres refuges internationaux, associations et organisations internationales.<\/li>\n<\/ul>\n<\/div>\n<\/div><\/div><\/div><\/div><\/div>","protected":false},"excerpt":{"rendered":"<p>Prot\u00e9ger les singes verts en contribuant \u00e0 la pr\u00e9servation de la biodiversit\u00e9, \u00e0 la lutte contre le changement climatique et \u00e0 la promotion du tourisme de nature. Installation d\u2018un refuge pour prendre en charge 7J\/7J et 24H\/24H les animaux sauvages et en particulier les singes orphelins, bless\u00e9s, abandonn\u00e9s ou qui ne peuvent plus \u00eatre gard\u00e9s&hellip;&nbsp;<a href=\"https:\/\/greenmonkeysanctuary.org\/index.php\/project\/\" rel=\"bookmark\">Lire la suite &raquo;<span class=\"screen-reader-text\">Project FR<\/span><\/a><\/p>\n","protected":false},"author":1,"featured_media":0,"parent":0,"menu_order":0,"comment_status":"closed","ping_status":"closed","template":"","meta":{"neve_meta_sidebar":"","neve_meta_container":"","neve_meta_enable_content_width":"off","neve_meta_content_width":100,"neve_meta_title_alignment":"","neve_meta_author_avatar":"","neve_post_elements_order":"","neve_meta_disable_header":"","neve_meta_disable_footer":"","neve_meta_disable_title":"","footnotes":""},"class_list":["post-26","page","type-page","status-publish","hentry"],"jetpack_sharing_enabled":true,"_links":{"self":[{"href":"https:\/\/greenmonkeysanctuary.org\/index.php\/wp-json\/wp\/v2\/pages\/26","targetHints":{"allow":["GET"]}}],"collection":[{"href":"https:\/\/greenmonkeysanctuary.org\/index.php\/wp-json\/wp\/v2\/pages"}],"about":[{"href":"https:\/\/greenmonkeysanctuary.org\/index.php\/wp-json\/wp\/v2\/types\/page"}],"author":[{"embeddable":true,"href":"https:\/\/greenmonkeysanctuary.org\/index.php\/wp-json\/wp\/v2\/users\/1"}],"replies":[{"embeddable":true,"href":"https:\/\/greenmonkeysanctuary.org\/index.php\/wp-json\/wp\/v2\/comments?post=26"}],"version-history":[{"count":15,"href":"https:\/\/greenmonkeysanctuary.org\/index.php\/wp-json\/wp\/v2\/pages\/26\/revisions"}],"predecessor-version":[{"id":541,"href":"https:\/\/greenmonkeysanctuary.org\/index.php\/wp-json\/wp\/v2\/pages\/26\/revisions\/541"}],"wp:attachment":[{"href":"https:\/\/greenmonkeysanctuary.org\/index.php\/wp-json\/wp\/v2\/media?parent=26"}],"curies":[{"name":"wp","href":"https:\/\/api.w.org\/{rel}","templated":true}]}}