{"id":23,"date":"2022-09-25T23:24:35","date_gmt":"2022-09-25T21:24:35","guid":{"rendered":"http:\/\/greenmonkeysanctuary.org\/?page_id=23"},"modified":"2023-03-14T15:19:17","modified_gmt":"2023-03-14T14:19:17","slug":"association","status":"publish","type":"page","link":"https:\/\/greenmonkeysanctuary.org\/index.php\/association\/","title":{"rendered":"Association FR"},"content":{"rendered":"<div id=\"pl-23\"  class=\"panel-layout\" ><div id=\"pg-23-0\"  class=\"panel-grid panel-no-style\" ><div id=\"pgc-23-0-0\"  class=\"panel-grid-cell\" ><div id=\"panel-23-0-0-0\" class=\"so-panel widget widget_sow-headline panel-first-child panel-last-child\" data-index=\"0\" ><div class=\"so-rounded panel-widget-style panel-widget-style-for-23-0-0-0\" ><div\n\t\t\t\n\t\t\tclass=\"so-widget-sow-headline so-widget-sow-headline-default-13954272c39a-23\"\n\t\t\t\n\t\t><div class=\"sow-headline-container \">\n\t\t\t\t\t\t\t<h1 class=\"sow-headline\">\n\t\t\t\t\t\tHISTORIQUE\t\t\t\t\t\t<\/h1>\n\t\t\t\t\t\t<\/div>\n<\/div><\/div><\/div><\/div><\/div><div id=\"pg-23-1\"  class=\"panel-grid panel-no-style\" ><div id=\"pgc-23-1-0\"  class=\"panel-grid-cell\" ><div id=\"panel-23-1-0-0\" class=\"so-panel widget widget_sow-editor panel-first-child\" data-index=\"1\" ><div class=\"so-rounded panel-widget-style panel-widget-style-for-23-1-0-0\" ><div\n\t\t\t\n\t\t\tclass=\"so-widget-sow-editor so-widget-sow-editor-base\"\n\t\t\t\n\t\t>\n<div class=\"siteorigin-widget-tinymce textwidget\">\n\t<h2 style=\"text-align: center;\"><span style=\"color: #335024;\">C\u2019est l\u2019unique association d\u00e9di\u00e9e \u00e0 la protection des singes au Cap-Vert.<\/span><\/h2>\n<\/div>\n<\/div><\/div><\/div><div id=\"panel-23-1-0-1\" class=\"so-panel widget widget_sow-editor panel-last-child\" data-index=\"2\" ><div\n\t\t\t\n\t\t\tclass=\"so-widget-sow-editor so-widget-sow-editor-base\"\n\t\t\t\n\t\t>\n<div class=\"siteorigin-widget-tinymce textwidget\">\n\t<h4><span style=\"color: #335024;\"><strong>L\u2019association ne limite pas uniquement \u00e0 la protection des singes et n\u2019exclue pas de porter assistance \u00e0 d\u2019autres animaux sauvages, n\u00e9s ou non en captivit\u00e9 lorsque cela s\u2019av\u00e8re n\u00e9cessaire.<\/strong><\/span><\/h4>\n<\/div>\n<\/div><\/div><\/div><div id=\"pgc-23-1-1\"  class=\"panel-grid-cell\" ><div id=\"panel-23-1-1-0\" class=\"so-panel widget widget_sow-image panel-first-child panel-last-child\" data-index=\"3\" ><div\n\t\t\t\n\t\t\tclass=\"so-widget-sow-image so-widget-sow-image-default-8b5b6f678277-23\"\n\t\t\t\n\t\t>\n<div class=\"sow-image-container\">\n\t\t<img \n\tsrc=\"https:\/\/greenmonkeysanctuary.org\/wp-content\/uploads\/2022\/09\/thumbs.web_.sapo_.io_.jpg\" width=\"811\" height=\"630\" srcset=\"https:\/\/greenmonkeysanctuary.org\/wp-content\/uploads\/2022\/09\/thumbs.web_.sapo_.io_.jpg 811w, https:\/\/greenmonkeysanctuary.org\/wp-content\/uploads\/2022\/09\/thumbs.web_.sapo_.io_-300x233.jpg 300w, https:\/\/greenmonkeysanctuary.org\/wp-content\/uploads\/2022\/09\/thumbs.web_.sapo_.io_-768x597.jpg 768w\" sizes=\"(max-width: 811px) 100vw, 811px\" title=\"thumbs.web.sapo.io\" alt=\"\" \t\tclass=\"so-widget-image\"\/>\n\t<\/div>\n\n<\/div><\/div><\/div><\/div><div id=\"pg-23-2\"  class=\"panel-grid panel-no-style\" ><div id=\"pgc-23-2-0\"  class=\"panel-grid-cell\" ><div id=\"panel-23-2-0-0\" class=\"so-panel widget widget_sow-editor panel-first-child\" data-index=\"4\" ><div\n\t\t\t\n\t\t\tclass=\"so-widget-sow-editor so-widget-sow-editor-base\"\n\t\t\t\n\t\t>\n<div class=\"siteorigin-widget-tinymce textwidget\">\n\t<p>Pour r\u00e9pondre aux besoins de sauvegarde des singes du Cap-Vert, l'association sans but lucratif et d'utilit\u00e9 publique g\u00e9n\u00e9rale d\u00e9nomm\u00e9e \u00abSantuario dos Macacos de Cabo Verde\u00bb dot\u00e9e d'une capacit\u00e9 juridique, a \u00e9t\u00e9 cr\u00e9\u00e9e en mars 2021 au Cap-Vert : Extrait N\u00b0 194\/2021 Boletim Oficial N\u00b047, 16 mars 2021. (NIF N\u00b0585639302).<\/p>\n<\/div>\n<\/div><\/div><div id=\"panel-23-2-0-1\" class=\"so-panel widget widget_sow-editor panel-last-child\" data-index=\"5\" ><div\n\t\t\t\n\t\t\tclass=\"so-widget-sow-editor so-widget-sow-editor-base\"\n\t\t\t\n\t\t>\n<div class=\"siteorigin-widget-tinymce textwidget\">\n\t<p>L'association a son si\u00e8ge sur l'\u00eele de Santiago, dans l\u2019espace de l\u2019Ecolodge Morgana, mais elle est active au niveau national.<br \/>\nDes partenariats sont en cours de d\u00e9veloppement avec des universit\u00e9s, des associations, des ONG, des organisations internationales actives dans la protection de la faune et des singes en particulier, mais aussi actives dans la pr\u00e9servation de la biodiversit\u00e9 et la lutte contre le changement climatique.<\/p>\n<\/div>\n<\/div><\/div><\/div><\/div><div id=\"pg-23-3\"  class=\"panel-grid panel-no-style\" ><div id=\"pgc-23-3-0\"  class=\"panel-grid-cell\" ><div id=\"panel-23-3-0-0\" class=\"so-panel widget widget_sow-headline panel-first-child panel-last-child\" data-index=\"6\" ><div class=\"so-rounded panel-widget-style panel-widget-style-for-23-3-0-0\" ><div\n\t\t\t\n\t\t\tclass=\"so-widget-sow-headline so-widget-sow-headline-default-13954272c39a-23\"\n\t\t\t\n\t\t><div class=\"sow-headline-container \">\n\t\t\t\t\t\t\t<h1 class=\"sow-headline\">\n\t\t\t\t\t\tMISSION &amp; VISION\t\t\t\t\t\t<\/h1>\n\t\t\t\t\t\t<\/div>\n<\/div><\/div><\/div><\/div><\/div><div id=\"pg-23-4\"  class=\"panel-grid panel-no-style\" ><div id=\"pgc-23-4-0\"  class=\"panel-grid-cell\" ><div id=\"panel-23-4-0-0\" class=\"so-panel widget widget_sow-editor panel-first-child\" data-index=\"7\" ><div\n\t\t\t\n\t\t\tclass=\"so-widget-sow-editor so-widget-sow-editor-base\"\n\t\t\t\n\t\t>\n<div class=\"siteorigin-widget-tinymce textwidget\">\n\t<ul>\n<li>L\u2019association \u00e0 but non lucratif \u00ab Sanctuaire des singes \u00bb est une organisation, active au niveau national, d\u00e9di\u00e9e \u00e0 la protection des animaux sauvages, n\u00e9 ou pas en captivit\u00e9, avec un focus particulier sur les singes. Dans ce cadre, l\u2019association peut porter assistance \u00e0 tout autre animal sauvage, n\u00e9 ou pas en captivit\u00e9, qui serait en souffrance ou en danger de mort.<\/li>\n<li>Le \u00ab Sanctuaire des singes \u00bb est une association qui se consacre \u00e0 aider les animaux dans le besoin, en prenant en charge les animaux bless\u00e9s, abandonn\u00e9s et orphelins, et lib\u00e8re ceux qui ont retrouv\u00e9 la sant\u00e9 dans leur habitat naturel lorsque cela est possible.<\/li>\n<li>Pour ce faire, l\u2019association est amen\u00e9e \u00e0 organiser et \u00e0 g\u00e9rer un refuge pour l\u2019assistance imm\u00e9diate aux singes et aux autres animaux sauvages, ainsi qu\u2019une aire prot\u00e9g\u00e9e (r\u00e9serves) pour leur r\u00e9int\u00e9gration dans un milieu naturel lorsque cela est possible.<\/li>\n<\/ul>\n<\/div>\n<\/div><\/div><div id=\"panel-23-4-0-1\" class=\"so-panel widget widget_sow-editor\" data-index=\"8\" ><div\n\t\t\t\n\t\t\tclass=\"so-widget-sow-editor so-widget-sow-editor-base\"\n\t\t\t\n\t\t>\n<div class=\"siteorigin-widget-tinymce textwidget\">\n\t<ul>\n<li>L\u2019association pr\u00e9tend devenir un acteur du d\u00e9veloppement durable au Cap-Vert en int\u00e9grant dans sa strat\u00e9gie d\u2019intervention les Objectifs de D\u00e9veloppement Durable et les orientations donn\u00e9es par Convention sur la Biodiversit\u00e9 biologique des Nations Unies et de tout autre organisme sp\u00e9cialis\u00e9 ( IUCN, WWF, IPBEF, etc\u2026).<\/li>\n<li>Gr\u00e2ce \u00e0 des actions \u00e9ducatives, l\u2019association sensibilise les communaut\u00e9s \u00e0 la pr\u00e9servation de la biodiversit\u00e9 et des \u00e9cosyst\u00e8mes, et promeut des actions pour la lutte contre le changement climatique.<\/li>\n<\/ul>\n<\/div>\n<\/div><\/div><div id=\"panel-23-4-0-2\" class=\"so-panel widget widget_sow-editor panel-last-child\" data-index=\"9\" ><div\n\t\t\t\n\t\t\tclass=\"so-widget-sow-editor so-widget-sow-editor-base\"\n\t\t\t\n\t\t>\n<div class=\"siteorigin-widget-tinymce textwidget\">\n\t<ul>\n<li>L'objectif principal du refuge est de prendre soin des animaux en d\u00e9tresse ou en souffrance et de les r\u00e9introduire dans leur milieu naturel ou dans une aire prot\u00e9g\u00e9e\/r\u00e9serve, lorsque cela est possible. Pour certains des animaux accueillis au refuge, la r\u00e9introduction n'est pas possible et ces animaux trouvent un foyer permanent, soign\u00e9s par une \u00e9quipe d'employ\u00e9s et de b\u00e9n\u00e9voles.<\/li>\n<li>Le refuge et les aires prot\u00e9g\u00e9es g\u00e9r\u00e9s par l\u2019association sont \u00e9galement des centres de recherche et d'\u00e9tudes scientifiques, pouvant attirer des scientifiques du monde entier pour \u00e9tudier les animaux et les \u00e9cosyst\u00e8mes uniques du Cap-Vert.<\/li>\n<\/ul>\n<\/div>\n<\/div><\/div><\/div><\/div><div id=\"pg-23-5\"  class=\"panel-grid panel-no-style\" ><div id=\"pgc-23-5-0\"  class=\"panel-grid-cell\" ><div id=\"panel-23-5-0-0\" class=\"so-panel widget widget_sow-headline panel-first-child\" data-index=\"10\" ><div class=\"so-rounded panel-widget-style panel-widget-style-for-23-5-0-0\" ><div\n\t\t\t\n\t\t\tclass=\"so-widget-sow-headline so-widget-sow-headline-default-13954272c39a-23\"\n\t\t\t\n\t\t><div class=\"sow-headline-container \">\n\t\t\t\t\t\t\t<h1 class=\"sow-headline\">\n\t\t\t\t\t\tINTERVENTIONS\t\t\t\t\t\t<\/h1>\n\t\t\t\t\t\t<\/div>\n<\/div><\/div><\/div><div id=\"panel-23-5-0-1\" class=\"so-panel widget widget_sow-editor panel-last-child\" data-index=\"11\" ><div class=\"so-rounded panel-widget-style panel-widget-style-for-23-5-0-1\" ><div\n\t\t\t\n\t\t\tclass=\"so-widget-sow-editor so-widget-sow-editor-base\"\n\t\t\t\n\t\t>\n<div class=\"siteorigin-widget-tinymce textwidget\">\n\t<h2 style=\"text-align: center;\"><span style=\"color: #335024;\">L\u2019association a pour vocation \u00e0 d\u00e9velopper sp\u00e9cifiquement des interventions en faveur des singes, mais \u00e9galement en faveur de la pr\u00e9servation de la biodiversit\u00e9, des \u00e9cosyst\u00e8mes et de la\u00a0lutte contre le changement climatique\u00a0:<\/span><\/h2>\n<\/div>\n<\/div><\/div><\/div><\/div><\/div><div id=\"pg-23-6\"  class=\"panel-grid panel-no-style\" ><div id=\"pgc-23-6-0\"  class=\"panel-grid-cell\" ><div id=\"panel-23-6-0-0\" class=\"so-panel widget widget_sow-headline panel-first-child\" data-index=\"12\" ><div\n\t\t\t\n\t\t\tclass=\"so-widget-sow-headline so-widget-sow-headline-default-3a00e7fc9fbf-23\"\n\t\t\t\n\t\t><div class=\"sow-headline-container \">\n\t\t\t\t\t\t<div class=\"decoration\">\n\t\t\t\t\t\t<div class=\"decoration-inside\"><\/div>\n\t\t\t\t\t<\/div>\n\t\t\t\t\t\t\t\t\t\t\t<h2 class=\"sow-headline\">\n\t\t\t\t\t\tDomaines d'intervention\t\t\t\t\t\t<\/h2>\n\t\t\t\t\t\t<\/div>\n<\/div><\/div><div id=\"panel-23-6-0-1\" class=\"so-panel widget widget_sow-editor panel-last-child\" data-index=\"13\" ><div\n\t\t\t\n\t\t\tclass=\"so-widget-sow-editor so-widget-sow-editor-base\"\n\t\t\t\n\t\t>\n<div class=\"siteorigin-widget-tinymce textwidget\">\n\t<ul>\n<li>La protection des singes et de tout autre animal sauvage en danger.<\/li>\n<li>La pr\u00e9servation de la biodiversit\u00e9<\/li>\n<li>La lutte contre le changement climatique<\/li>\n<li>L\u2019\u00e9cotourisme et tourisme de nature<\/li>\n<li>L\u2019\u00e9ducation et la formation sur la biodiversit\u00e9 et les \u00e9cosyst\u00e8mes<\/li>\n<li>La foresterie et l\u2019agriculture<\/li>\n<li>La r\u00e9duction de la pauvret\u00e9 en particulier dans les zones rurales<\/li>\n<\/ul>\n<\/div>\n<\/div><\/div><\/div><\/div><div id=\"pg-23-7\"  class=\"panel-grid panel-no-style\" ><div id=\"pgc-23-7-0\"  class=\"panel-grid-cell\" ><div id=\"panel-23-7-0-0\" class=\"so-panel widget widget_sow-headline panel-first-child panel-last-child\" data-index=\"14\" ><div\n\t\t\t\n\t\t\tclass=\"so-widget-sow-headline so-widget-sow-headline-default-3a00e7fc9fbf-23\"\n\t\t\t\n\t\t><div class=\"sow-headline-container \">\n\t\t\t\t\t\t<div class=\"decoration\">\n\t\t\t\t\t\t<div class=\"decoration-inside\"><\/div>\n\t\t\t\t\t<\/div>\n\t\t\t\t\t\t\t\t\t\t\t<h2 class=\"sow-headline\">\n\t\t\t\t\t\tInterventions sp\u00e9cifiques pour la protection des singes\t\t\t\t\t\t<\/h2>\n\t\t\t\t\t\t<\/div>\n<\/div><\/div><\/div><\/div><div id=\"pg-23-8\"  class=\"panel-grid panel-no-style\" ><div id=\"pgc-23-8-0\"  class=\"panel-grid-cell\" ><div id=\"panel-23-8-0-0\" class=\"so-panel widget widget_sow-editor panel-first-child panel-last-child\" data-index=\"15\" ><div\n\t\t\t\n\t\t\tclass=\"so-widget-sow-editor so-widget-sow-editor-base\"\n\t\t\t\n\t\t>\n<div class=\"siteorigin-widget-tinymce textwidget\">\n\t<ul>\n<li>Des interventions de protection des singes vivant dans leur milieu naturel, en appui aux institutions nationales, aux municipalit\u00e9s, et aux communaut\u00e9s concern\u00e9es.<\/li>\n<li>Des interventions de conseil et d\u2019information aupr\u00e8s des personnes ayant des singes en captivit\u00e9.<\/li>\n<li>Des interventions d\u2019assistance imm\u00e9diates dans un refuge pour les singes et animaux sauvages n\u00e9cessitant des soins et un abri s\u00e9curis\u00e9 et adapt\u00e9.<\/li>\n<li>Des interventions de d\u00e9nonciation aupr\u00e8s des autorit\u00e9s nationales des cas de maltraitance des singes ou autres animaux sauvages en captivit\u00e9.<\/li>\n<li>Des interventions de capture des singes \u00e0 la demande de leurs propri\u00e9taires, des autorit\u00e9s nationales ou des communaut\u00e9s locales.<\/li>\n<\/ul>\n<\/div>\n<\/div><\/div><\/div><div id=\"pgc-23-8-1\"  class=\"panel-grid-cell\" ><div id=\"panel-23-8-1-0\" class=\"so-panel widget widget_sow-editor panel-first-child panel-last-child\" data-index=\"16\" ><div\n\t\t\t\n\t\t\tclass=\"so-widget-sow-editor so-widget-sow-editor-base\"\n\t\t\t\n\t\t>\n<div class=\"siteorigin-widget-tinymce textwidget\">\n\t<ul>\n<li>Des interventions de r\u00e9int\u00e9gration des singes dans leur milieu naturel ou dans une aire prot\u00e9g\u00e9e (r\u00e9serve) lorsque cela est possible et judicieux.<\/li>\n<li>Des interventions en mati\u00e8re d\u2019information, de sensibilisation et de formation aupr\u00e8s du grand public, des organismes nationaux, des organisations internationales, des \u00e9tablissements scolaires et universitaires, du secteur priv\u00e9 et de la soci\u00e9t\u00e9 civile.<\/li>\n<li>Des interventions de recherche et d\u2019\u00e9tudes scientifiques sur les singes et les \u00e9cosyst\u00e8mes du Cap-Vert.<\/li>\n<li>Des interventions au niveau national et international de promotion de l\u2019association et de mobilisations de partenariats, de donation et de financements.<\/li>\n<\/ul>\n<\/div>\n<\/div><\/div><\/div><\/div><div id=\"pg-23-9\"  class=\"panel-grid panel-has-style\" ><div class=\"panel-row-style panel-row-style-for-23-9\" ><div id=\"pgc-23-9-0\"  class=\"panel-grid-cell\" ><div id=\"panel-23-9-0-0\" class=\"so-panel widget widget_sow-headline panel-first-child\" data-index=\"17\" ><div\n\t\t\t\n\t\t\tclass=\"so-widget-sow-headline so-widget-sow-headline-default-c076c36bbaaf-23\"\n\t\t\t\n\t\t><div class=\"sow-headline-container \">\n\t\t\t\t\t\t\t<h2 class=\"sow-headline\">\n\t\t\t\t\t\tLes principes qui guident nos actions\t\t\t\t\t\t<\/h2>\n\t\t\t\t\t\t\t\t\t\t\t\t<h2 class=\"sow-sub-headline\">\n\t\t\t\t\t\t\u00ab\u00a0Vivons en harmonie avec la nature\u00a0\u00bb est le message fondateur de l\u2019association.\t\t\t\t\t\t<\/h2>\n\t\t\t\t\t\t<\/div>\n<\/div><\/div><div id=\"panel-23-9-0-1\" class=\"so-panel widget widget_sow-editor panel-last-child\" data-index=\"18\" ><div\n\t\t\t\n\t\t\tclass=\"so-widget-sow-editor so-widget-sow-editor-base\"\n\t\t\t\n\t\t>\n<div class=\"siteorigin-widget-tinymce textwidget\">\n\t<p>Il s\u2019agit de concilier les n\u00e9cessit\u00e9s de bien-\u00eatre de l\u2019homme et de conservation des esp\u00e8ces animales, dans l\u2019objectif de pr\u00e9server la biodiversit\u00e9 pour nos enfants et nos petits\u2010enfants.<\/p>\n<\/div>\n<\/div><\/div><\/div><div id=\"pgc-23-9-1\"  class=\"panel-grid-cell\" ><div id=\"panel-23-9-1-0\" class=\"so-panel widget widget_sow-image panel-first-child panel-last-child\" data-index=\"19\" ><div\n\t\t\t\n\t\t\tclass=\"so-widget-sow-image so-widget-sow-image-default-8b5b6f678277-23\"\n\t\t\t\n\t\t>\n<div class=\"sow-image-container\">\n\t\t<img \n\tsrc=\"https:\/\/greenmonkeysanctuary.org\/wp-content\/uploads\/2022\/09\/monkey-11.jpg\" width=\"1080\" height=\"996\" srcset=\"https:\/\/greenmonkeysanctuary.org\/wp-content\/uploads\/2022\/09\/monkey-11.jpg 1080w, https:\/\/greenmonkeysanctuary.org\/wp-content\/uploads\/2022\/09\/monkey-11-300x277.jpg 300w, https:\/\/greenmonkeysanctuary.org\/wp-content\/uploads\/2022\/09\/monkey-11-1024x944.jpg 1024w, https:\/\/greenmonkeysanctuary.org\/wp-content\/uploads\/2022\/09\/monkey-11-768x708.jpg 768w\" sizes=\"(max-width: 1080px) 100vw, 1080px\" alt=\"\" \t\tclass=\"so-widget-image\"\/>\n\t<\/div>\n\n<\/div><\/div><\/div><\/div><\/div><div id=\"pg-23-10\"  class=\"panel-grid panel-no-style\" ><div id=\"pgc-23-10-0\"  class=\"panel-grid-cell\" ><div id=\"panel-23-10-0-0\" class=\"so-panel widget widget_sow-headline panel-first-child\" data-index=\"20\" ><div\n\t\t\t\n\t\t\tclass=\"so-widget-sow-headline so-widget-sow-headline-default-3a00e7fc9fbf-23\"\n\t\t\t\n\t\t><div class=\"sow-headline-container \">\n\t\t\t\t\t\t<div class=\"decoration\">\n\t\t\t\t\t\t<div class=\"decoration-inside\"><\/div>\n\t\t\t\t\t<\/div>\n\t\t\t\t\t\t\t\t\t\t\t<h2 class=\"sow-headline\">\n\t\t\t\t\t\tSe r\u00e9f\u00e9rer aux recommandations des organismes nationaux et internationaux sp\u00e9cialis\u00e9s sur la pr\u00e9servation de la biodiversit\u00e9 et des \u00e9cosyst\u00e8mes.\t\t\t\t\t\t<\/h2>\n\t\t\t\t\t\t<\/div>\n<\/div><\/div><div id=\"panel-23-10-0-1\" class=\"so-panel widget widget_sow-editor panel-last-child\" data-index=\"21\" ><div\n\t\t\t\n\t\t\tclass=\"so-widget-sow-editor so-widget-sow-editor-base\"\n\t\t\t\n\t\t>\n<div class=\"siteorigin-widget-tinymce textwidget\">\n\t<p>Principalement les organismes nationaux et les organismes et organisations internationales telles que le WWF, l\u2019IPBES, le GIEC, Nations unies, l\u2019UICN, etc), et en particulier de la Convention sur la diversit\u00e9 biologique de 1992. Sign\u00e9e par 168 chefs de gouvernement lors du Sommet de Rio en 1992, la Convention sur la diversit\u00e9 biologique est d\u00e9di\u00e9e \u00e0 la promotion du d\u00e9veloppement durable et repr\u00e9sente une avanc\u00e9e majeure dans la conservation de la diversit\u00e9 biologique. La vision du nouveau cadre de travail de la Convention sur la diversit\u00e9 biologique (post 2020) est \u00ab un monde de vie en harmonie avec la nature \u00bb avec l\u2019objectif notamment d\u2019augmenter substantiellement le nombre d\u2019aires prot\u00e9g\u00e9es dans le monde.<br \/>\nAu niveau national, les activit\u00e9s de l'association se r\u00e9f\u00e8rent \u00e0 la <strong>\"Strat\u00e9gie et plan d'action national pour la biodiversit\u00e9 2014-2030\"<\/strong> du Minist\u00e8re de l'Environnement, du Logement et de l'Am\u00e9nagement du Territoire.<\/p>\n<\/div>\n<\/div><\/div><\/div><\/div><div id=\"pg-23-11\"  class=\"panel-grid panel-no-style\" ><div id=\"pgc-23-11-0\"  class=\"panel-grid-cell\" ><div id=\"panel-23-11-0-0\" class=\"so-panel widget widget_sow-headline panel-first-child\" data-index=\"22\" ><div\n\t\t\t\n\t\t\tclass=\"so-widget-sow-headline so-widget-sow-headline-default-3a00e7fc9fbf-23\"\n\t\t\t\n\t\t><div class=\"sow-headline-container \">\n\t\t\t\t\t\t<div class=\"decoration\">\n\t\t\t\t\t\t<div class=\"decoration-inside\"><\/div>\n\t\t\t\t\t<\/div>\n\t\t\t\t\t\t\t\t\t\t\t<h2 class=\"sow-headline\">\n\t\t\t\t\t\tPrivil\u00e9gier une approche int\u00e9gr\u00e9e, car agir pour la protection des singes, c\u2019est \u00eatre un acteur de la pr\u00e9servation de la biodiversit\u00e9 et de la lutte contre le changement climatique.\t\t\t\t\t\t<\/h2>\n\t\t\t\t\t\t<\/div>\n<\/div><\/div><div id=\"panel-23-11-0-1\" class=\"so-panel widget widget_sow-editor panel-last-child\" data-index=\"23\" ><div\n\t\t\t\n\t\t\tclass=\"so-widget-sow-editor so-widget-sow-editor-base\"\n\t\t\t\n\t\t>\n<div class=\"siteorigin-widget-tinymce textwidget\">\n\t<p>Dans l\u2019esprit des Objectifs de D\u00e9veloppement Durable 2030 et de la Convention sur la diversit\u00e9 biologique, l\u2019association interviendra sur plusieurs th\u00e9matiques et secteurs cruciaux pour la pr\u00e9servation des esp\u00e8ces animales ; la pr\u00e9servation de la biodiversit\u00e9, la lutte contre le changement climatique, la gestion durable des for\u00eats, la r\u00e9duction de la pauvret\u00e9 en particulier dans les zones rurales, en collaborant avec diff\u00e9rents acteurs, car la sensibilisation aux enjeux sociaux et environnementaux de toutes les parties prenantes, est primordiale.<\/p>\n<\/div>\n<\/div><\/div><\/div><\/div><div id=\"pg-23-12\"  class=\"panel-grid panel-no-style\" ><div id=\"pgc-23-12-0\"  class=\"panel-grid-cell\" ><div id=\"panel-23-12-0-0\" class=\"so-panel widget widget_sow-headline panel-first-child\" data-index=\"24\" ><div\n\t\t\t\n\t\t\tclass=\"so-widget-sow-headline so-widget-sow-headline-default-3a00e7fc9fbf-23\"\n\t\t\t\n\t\t><div class=\"sow-headline-container \">\n\t\t\t\t\t\t<div class=\"decoration\">\n\t\t\t\t\t\t<div class=\"decoration-inside\"><\/div>\n\t\t\t\t\t<\/div>\n\t\t\t\t\t\t\t\t\t\t\t<h2 class=\"sow-headline\">\n\t\t\t\t\t\tPrendre en compte les besoins des communaut\u00e9s locales dans les interventions en faveur de la pr\u00e9servation de la biodiversit\u00e9, des \u00e9cosyst\u00e8mes et de la protection des singes.\t\t\t\t\t\t<\/h2>\n\t\t\t\t\t\t<\/div>\n<\/div><\/div><div id=\"panel-23-12-0-1\" class=\"so-panel widget widget_sow-image panel-last-child\" data-index=\"25\" ><div\n\t\t\t\n\t\t\tclass=\"so-widget-sow-image so-widget-sow-image-default-8b5b6f678277-23\"\n\t\t\t\n\t\t>\n<div class=\"sow-image-container\">\n\t\t<img \n\tsrc=\"https:\/\/greenmonkeysanctuary.org\/wp-content\/uploads\/2022\/12\/unnamed23-scaled.jpg\" width=\"1920\" height=\"2560\" srcset=\"https:\/\/greenmonkeysanctuary.org\/wp-content\/uploads\/2022\/12\/unnamed23-scaled.jpg 1920w, https:\/\/greenmonkeysanctuary.org\/wp-content\/uploads\/2022\/12\/unnamed23-225x300.jpg 225w, https:\/\/greenmonkeysanctuary.org\/wp-content\/uploads\/2022\/12\/unnamed23-768x1024.jpg 768w, https:\/\/greenmonkeysanctuary.org\/wp-content\/uploads\/2022\/12\/unnamed23-1152x1536.jpg 1152w, https:\/\/greenmonkeysanctuary.org\/wp-content\/uploads\/2022\/12\/unnamed23-1536x2048.jpg 1536w\" sizes=\"(max-width: 1920px) 100vw, 1920px\" title=\"unnamed23\" alt=\"\" \t\tclass=\"so-widget-image\"\/>\n\t<\/div>\n\n<\/div><\/div><\/div><\/div><div id=\"pg-23-13\"  class=\"panel-grid panel-no-style\" ><div id=\"pgc-23-13-0\"  class=\"panel-grid-cell\" ><div id=\"panel-23-13-0-0\" class=\"so-panel widget widget_sow-headline panel-first-child\" data-index=\"26\" ><div\n\t\t\t\n\t\t\tclass=\"so-widget-sow-headline so-widget-sow-headline-default-3a00e7fc9fbf-23\"\n\t\t\t\n\t\t><div class=\"sow-headline-container \">\n\t\t\t\t\t\t<div class=\"decoration\">\n\t\t\t\t\t\t<div class=\"decoration-inside\"><\/div>\n\t\t\t\t\t<\/div>\n\t\t\t\t\t\t\t\t\t\t\t<h2 class=\"sow-headline\">\n\t\t\t\t\t\tL\u2019association soutien les activit\u00e9s touristiques ax\u00e9es sur la vie sauvage, permettant notamment d\u2019assurer l\u2019autofinancement d\u2019aires prot\u00e9g\u00e9es ou de refuges pour les animaux.\t\t\t\t\t\t<\/h2>\n\t\t\t\t\t\t<\/div>\n<\/div><\/div><div id=\"panel-23-13-0-1\" class=\"so-panel widget widget_sow-editor panel-last-child\" data-index=\"27\" ><div\n\t\t\t\n\t\t\tclass=\"so-widget-sow-editor so-widget-sow-editor-base\"\n\t\t\t\n\t\t>\n<div class=\"siteorigin-widget-tinymce textwidget\">\n\t<p>Dans un objectif de d\u00e9veloppement d\u2019un tourisme durable, la pr\u00e9servation des singes repr\u00e9sente un capital naturel et une valeur \u00e9conomique inestimable pour les communaut\u00e9s locales. Selon l'UICN (Union Internationale pour la Conservation de la Nature) l\u2019\u00e9cotourisme est un \u00ab voyage responsable sur le plan environnemental et une visite de milieux naturels relativement peu perturb\u00e9s dans le but d\u2019appr\u00e9cier la nature - ainsi que toute manifestation culturelle pass\u00e9e ou pr\u00e9sente observable de ces milieux.<\/p>\n<\/div>\n<\/div><\/div><\/div><\/div><div id=\"pg-23-14\"  class=\"panel-grid panel-has-style\" ><div class=\"panel-row-style panel-row-style-for-23-14\" ><div id=\"pgc-23-14-0\"  class=\"panel-grid-cell panel-grid-cell-mobile-last\" ><div id=\"panel-23-14-0-0\" class=\"so-panel widget widget_sow-headline panel-first-child\" data-index=\"28\" ><div\n\t\t\t\n\t\t\tclass=\"so-widget-sow-headline so-widget-sow-headline-default-3a00e7fc9fbf-23\"\n\t\t\t\n\t\t><div class=\"sow-headline-container \">\n\t\t\t\t\t\t<div class=\"decoration\">\n\t\t\t\t\t\t<div class=\"decoration-inside\"><\/div>\n\t\t\t\t\t<\/div>\n\t\t\t\t\t\t\t\t\t\t\t<h2 class=\"sow-headline\">\n\t\t\t\t\t\tpartenaires potentiels\t\t\t\t\t\t<\/h2>\n\t\t\t\t\t\t<\/div>\n<\/div><\/div><div id=\"panel-23-14-0-1\" class=\"so-panel widget widget_sow-editor panel-last-child\" data-index=\"29\" ><div\n\t\t\t\n\t\t\tclass=\"so-widget-sow-editor so-widget-sow-editor-base\"\n\t\t\t\n\t\t>\n<div class=\"siteorigin-widget-tinymce textwidget\">\n\t<ul>\n<li>Associations, ONG<\/li>\n<li>Organisations Internationales<\/li>\n<li>Minist\u00e8res et organismes nationaux<\/li>\n<li>Municipalit\u00e9s<\/li>\n<li>Groupes communautaires<\/li>\n<li>Universit\u00e9s<\/li>\n<li>Secteur priv\u00e9<\/li>\n<\/ul>\n<\/div>\n<\/div><\/div><\/div><div id=\"pgc-23-14-1\"  class=\"panel-grid-cell panel-grid-cell-empty\" ><\/div><\/div><\/div><\/div>","protected":false},"excerpt":{"rendered":"<p>C\u2019est l\u2019unique association d\u00e9di\u00e9e \u00e0 la protection des singes au Cap-Vert. L\u2019association ne limite pas uniquement \u00e0 la protection des singes et n\u2019exclue pas de porter assistance \u00e0 d\u2019autres animaux sauvages, n\u00e9s ou non en captivit\u00e9 lorsque cela s\u2019av\u00e8re n\u00e9cessaire.<\/p>\n","protected":false},"author":1,"featured_media":0,"parent":0,"menu_order":0,"comment_status":"closed","ping_status":"closed","template":"","meta":{"neve_meta_sidebar":"","neve_meta_container":"","neve_meta_enable_content_width":"off","neve_meta_content_width":100,"neve_meta_title_alignment":"","neve_meta_author_avatar":"","neve_post_elements_order":"","neve_meta_disable_header":"","neve_meta_disable_footer":"","neve_meta_disable_title":"","footnotes":""},"class_list":["post-23","page","type-page","status-publish","hentry"],"jetpack_sharing_enabled":true,"_links":{"self":[{"href":"https:\/\/greenmonkeysanctuary.org\/index.php\/wp-json\/wp\/v2\/pages\/23","targetHints":{"allow":["GET"]}}],"collection":[{"href":"https:\/\/greenmonkeysanctuary.org\/index.php\/wp-json\/wp\/v2\/pages"}],"about":[{"href":"https:\/\/greenmonkeysanctuary.org\/index.php\/wp-json\/wp\/v2\/types\/page"}],"author":[{"embeddable":true,"href":"https:\/\/greenmonkeysanctuary.org\/index.php\/wp-json\/wp\/v2\/users\/1"}],"replies":[{"embeddable":true,"href":"https:\/\/greenmonkeysanctuary.org\/index.php\/wp-json\/wp\/v2\/comments?post=23"}],"version-history":[{"count":29,"href":"https:\/\/greenmonkeysanctuary.org\/index.php\/wp-json\/wp\/v2\/pages\/23\/revisions"}],"predecessor-version":[{"id":649,"href":"https:\/\/greenmonkeysanctuary.org\/index.php\/wp-json\/wp\/v2\/pages\/23\/revisions\/649"}],"wp:attachment":[{"href":"https:\/\/greenmonkeysanctuary.org\/index.php\/wp-json\/wp\/v2\/media?parent=23"}],"curies":[{"name":"wp","href":"https:\/\/api.w.org\/{rel}","templated":true}]}}